{"id":75836,"date":"2025-11-11T21:18:38","date_gmt":"2025-11-11T20:18:38","guid":{"rendered":"https:\/\/www.ernstbrunn-apotheke.at\/katalog\/produkt\/l-carnosin-250mg-kapseln\/"},"modified":"2025-12-08T18:44:08","modified_gmt":"2025-12-08T17:44:08","slug":"l-carnosin-250mg-kapseln","status":"publish","type":"product","link":"https:\/\/www.ernstbrunn-apotheke.at\/katalog\/produkt\/l-carnosin-250mg-kapseln\/","title":{"rendered":"L &#8211; Carnosin 250mg Kapseln"},"content":{"rendered":"<p>Gall Pharma L-Carnosin 250 mg Kapseln 60 Stk. sch\u00fctzen und n\u00e4hren unsere funktionalen Lebensgrundlagen \u2013 Zellen, Proteine, DNA-Lipide. L-Carnosin besitzt die bemerkenswerte Eigenschaft, Zellen zu verj\u00fcngen, ihr normales Aussehen wieder herzustellen und die zellul\u00e4re Lebensspanne zu erweitern. Als Antioxidans neutralisiert L-Carnosin die sch\u00e4dlichen freien Radikale.<\/p>\n","protected":false},"excerpt":{"rendered":"<p>Gall Pharma L-Carnosin 250 mg Kapseln 60 Stk. sch\u00fctzen und n\u00e4hren unsere funktionalen Lebensgrundlagen \u2013 Zellen, Proteine, DNA-Lipide. L-Carnosin besitzt die bemerkenswerte Eigenschaft, Zellen zu verj\u00fcngen, ihr normales Aussehen wieder herzustellen und die zellul\u00e4re Lebensspanne zu erweitern. Als Antioxidans neutralisiert L-Carnosin die sch\u00e4dlichen freien Radikale.<\/p>\n","protected":false},"featured_media":75838,"template":"","meta":{"_acf_changed":false},"product_brand":[371],"product_cat":[795],"product_tag":[],"class_list":{"0":"post-75836","1":"product","2":"type-product","3":"status-publish","4":"has-post-thumbnail","6":"product_brand-gall-pharma","7":"product_cat-l","8":"pa_packungsgroesse-60-stueck","10":"first","11":"instock","12":"shipping-taxable","13":"purchasable","14":"product-type-simple"},"acf":[],"_links":{"self":[{"href":"https:\/\/www.ernstbrunn-apotheke.at\/katalog\/wp-json\/wp\/v2\/product\/75836","targetHints":{"allow":["GET"]}}],"collection":[{"href":"https:\/\/www.ernstbrunn-apotheke.at\/katalog\/wp-json\/wp\/v2\/product"}],"about":[{"href":"https:\/\/www.ernstbrunn-apotheke.at\/katalog\/wp-json\/wp\/v2\/types\/product"}],"wp:featuredmedia":[{"embeddable":true,"href":"https:\/\/www.ernstbrunn-apotheke.at\/katalog\/wp-json\/wp\/v2\/media\/75838"}],"wp:attachment":[{"href":"https:\/\/www.ernstbrunn-apotheke.at\/katalog\/wp-json\/wp\/v2\/media?parent=75836"}],"wp:term":[{"taxonomy":"product_brand","embeddable":true,"href":"https:\/\/www.ernstbrunn-apotheke.at\/katalog\/wp-json\/wp\/v2\/product_brand?post=75836"},{"taxonomy":"product_cat","embeddable":true,"href":"https:\/\/www.ernstbrunn-apotheke.at\/katalog\/wp-json\/wp\/v2\/product_cat?post=75836"},{"taxonomy":"product_tag","embeddable":true,"href":"https:\/\/www.ernstbrunn-apotheke.at\/katalog\/wp-json\/wp\/v2\/product_tag?post=75836"}],"curies":[{"name":"wp","href":"https:\/\/api.w.org\/{rel}","templated":true}]}}