{"id":75812,"date":"2025-11-11T21:18:07","date_gmt":"2025-11-11T20:18:07","guid":{"rendered":"https:\/\/www.ernstbrunn-apotheke.at\/katalog\/produkt\/madara-time-miracle-cellular-repair-30-ml-serum\/"},"modified":"2025-12-08T18:43:57","modified_gmt":"2025-12-08T17:43:57","slug":"madara-time-miracle-cellular-repair-30-ml-serum","status":"publish","type":"product","link":"https:\/\/www.ernstbrunn-apotheke.at\/katalog\/produkt\/madara-time-miracle-cellular-repair-30-ml-serum\/","title":{"rendered":"Madara Time Miracle Cellular Repair 30 ml Serum"},"content":{"rendered":"<p>Madara Time Miracle Cellular Repair Serum ist ein klinisch bew\u00e4hrtes Konzentrat aus dem wirksamen Saft der nordischen Birke und dem pflanzlichen Cell Repair Bio-Complex f\u00fcr aktive Anti Aging Pflege. Das Serum aktiviert den Zyklus der Zellerneuerung, wirkt hautgl\u00e4ttend und reduziert F\u00e4ltchen und Mimikfalten. Die Gesichtskonturen werden gefestigt, die Haut wird mit der notwendigen Feuchtigkeit versorgt und erlangt ihre Vitalit\u00e4t wieder \u2013 jetzt Produkte von Madara mit hohem Rabatt bestellen!<\/p>\n","protected":false},"excerpt":{"rendered":"<p>Madara Time Miracle Cellular Repair Serum ist ein klinisch bew\u00e4hrtes Konzentrat aus dem wirksamen Saft der nordischen Birke und dem pflanzlichen Cell Repair Bio-Complex f\u00fcr aktive Anti Aging Pflege. Das Serum aktiviert den Zyklus der Zellerneuerung, wirkt hautgl\u00e4ttend und reduziert F\u00e4ltchen und Mimikfalten. Die Gesichtskonturen werden gefestigt, die Haut wird mit der notwendigen Feuchtigkeit versorgt [&hellip;]<\/p>\n","protected":false},"featured_media":75814,"template":"","meta":{"_acf_changed":false},"product_brand":[1253],"product_cat":[800],"product_tag":[],"class_list":{"0":"post-75812","1":"product","2":"type-product","3":"status-publish","4":"has-post-thumbnail","6":"product_brand-madara","7":"product_cat-m","8":"pa_packungsgroesse-30ml","10":"first","11":"instock","12":"shipping-taxable","13":"purchasable","14":"product-type-simple"},"acf":[],"_links":{"self":[{"href":"https:\/\/www.ernstbrunn-apotheke.at\/katalog\/wp-json\/wp\/v2\/product\/75812","targetHints":{"allow":["GET"]}}],"collection":[{"href":"https:\/\/www.ernstbrunn-apotheke.at\/katalog\/wp-json\/wp\/v2\/product"}],"about":[{"href":"https:\/\/www.ernstbrunn-apotheke.at\/katalog\/wp-json\/wp\/v2\/types\/product"}],"wp:featuredmedia":[{"embeddable":true,"href":"https:\/\/www.ernstbrunn-apotheke.at\/katalog\/wp-json\/wp\/v2\/media\/75814"}],"wp:attachment":[{"href":"https:\/\/www.ernstbrunn-apotheke.at\/katalog\/wp-json\/wp\/v2\/media?parent=75812"}],"wp:term":[{"taxonomy":"product_brand","embeddable":true,"href":"https:\/\/www.ernstbrunn-apotheke.at\/katalog\/wp-json\/wp\/v2\/product_brand?post=75812"},{"taxonomy":"product_cat","embeddable":true,"href":"https:\/\/www.ernstbrunn-apotheke.at\/katalog\/wp-json\/wp\/v2\/product_cat?post=75812"},{"taxonomy":"product_tag","embeddable":true,"href":"https:\/\/www.ernstbrunn-apotheke.at\/katalog\/wp-json\/wp\/v2\/product_tag?post=75812"}],"curies":[{"name":"wp","href":"https:\/\/api.w.org\/{rel}","templated":true}]}}