{"id":75768,"date":"2025-11-11T21:17:10","date_gmt":"2025-11-11T20:17:10","guid":{"rendered":"https:\/\/www.ernstbrunn-apotheke.at\/katalog\/produkt\/weleda-pflegeoel-10-ml-wildrose\/"},"modified":"2025-12-08T18:43:42","modified_gmt":"2025-12-08T17:43:42","slug":"weleda-pflegeoel-10-ml-wildrose","status":"publish","type":"product","link":"https:\/\/www.ernstbrunn-apotheke.at\/katalog\/produkt\/weleda-pflegeoel-10-ml-wildrose\/","title":{"rendered":"Weleda Pflege\u00f6l 10 ml Wildrose"},"content":{"rendered":"<p>Weleda Wildrosen-Gesichtspflege gibt der Haut vitalisierende Impulse, damit die auf- und abbauenden Prozesse im ausgewogenen Gleichgewicht bleiben.Das feine Mandel\u00f6l, feuchtigkeitsbewahrendes Jojoba\u00f6l und das besonders hochwertige Kern\u00f6l der wildwachsenden Rosa Mosqueta, das reich an unges\u00e4ttigten Fetts\u00e4uren ist, verw\u00f6hnen die Haut und verleihen ihr Spannkraft und samtige Zartheit. Sie unterst\u00fctzen den nat\u00fcrlichen W\u00e4rmeprozess des Menschen, indem sie den K\u00f6rper in einen hauchzarten, atmungsaktiven Schutz warm einh\u00fcllen.Das \u00e4therische Rosen\u00f6l, welches dem hochwertigen K\u00f6rper\u00f6l seinen zartweichen Duft verleiht, wird aus eigens f\u00fcr Weleda biologisch angebauten Damaszenerrosen in der T\u00fcrkei gewonnen. Das Weleda Wildrosen Hamonisierende Pflege-\u00d6l ist ein duftender Stimmungsmacher, der Haut und Sinne sanft umschmeichelt..<\/p>\n","protected":false},"excerpt":{"rendered":"<p>Weleda Wildrosen-Gesichtspflege gibt der Haut vitalisierende Impulse, damit die auf- und abbauenden Prozesse im ausgewogenen Gleichgewicht bleiben.Das feine Mandel\u00f6l, feuchtigkeitsbewahrendes Jojoba\u00f6l und das besonders hochwertige Kern\u00f6l der wildwachsenden Rosa Mosqueta, das reich an unges\u00e4ttigten Fetts\u00e4uren ist, verw\u00f6hnen die Haut und verleihen ihr Spannkraft und samtige Zartheit. Sie unterst\u00fctzen den nat\u00fcrlichen W\u00e4rmeprozess des Menschen, indem sie [&hellip;]<\/p>\n","protected":false},"featured_media":75770,"template":"","meta":{"_acf_changed":false},"product_brand":[567],"product_cat":[796],"product_tag":[],"class_list":{"0":"post-75768","1":"product","2":"type-product","3":"status-publish","4":"has-post-thumbnail","6":"product_brand-weleda","7":"product_cat-w","8":"pa_packungsgroesse-10ml","10":"first","11":"instock","12":"shipping-taxable","13":"purchasable","14":"product-type-simple"},"acf":[],"_links":{"self":[{"href":"https:\/\/www.ernstbrunn-apotheke.at\/katalog\/wp-json\/wp\/v2\/product\/75768","targetHints":{"allow":["GET"]}}],"collection":[{"href":"https:\/\/www.ernstbrunn-apotheke.at\/katalog\/wp-json\/wp\/v2\/product"}],"about":[{"href":"https:\/\/www.ernstbrunn-apotheke.at\/katalog\/wp-json\/wp\/v2\/types\/product"}],"wp:featuredmedia":[{"embeddable":true,"href":"https:\/\/www.ernstbrunn-apotheke.at\/katalog\/wp-json\/wp\/v2\/media\/75770"}],"wp:attachment":[{"href":"https:\/\/www.ernstbrunn-apotheke.at\/katalog\/wp-json\/wp\/v2\/media?parent=75768"}],"wp:term":[{"taxonomy":"product_brand","embeddable":true,"href":"https:\/\/www.ernstbrunn-apotheke.at\/katalog\/wp-json\/wp\/v2\/product_brand?post=75768"},{"taxonomy":"product_cat","embeddable":true,"href":"https:\/\/www.ernstbrunn-apotheke.at\/katalog\/wp-json\/wp\/v2\/product_cat?post=75768"},{"taxonomy":"product_tag","embeddable":true,"href":"https:\/\/www.ernstbrunn-apotheke.at\/katalog\/wp-json\/wp\/v2\/product_tag?post=75768"}],"curies":[{"name":"wp","href":"https:\/\/api.w.org\/{rel}","templated":true}]}}