{"id":75688,"date":"2025-11-11T21:15:30","date_gmt":"2025-11-11T20:15:30","guid":{"rendered":"https:\/\/www.ernstbrunn-apotheke.at\/katalog\/produkt\/after-bite-stift-nach-biss-kids-20-g\/"},"modified":"2025-12-08T18:43:21","modified_gmt":"2025-12-08T17:43:21","slug":"after-bite-stift-nach-biss-kids-20-g","status":"publish","type":"product","link":"https:\/\/www.ernstbrunn-apotheke.at\/katalog\/produkt\/after-bite-stift-nach-biss-kids-20-g\/","title":{"rendered":"After Bite Stift nach Biss Kids 20 g"},"content":{"rendered":"<p>Der After Bite Stift ist die ideale erste Hilfe bei Insektenstichen und -bissen, bei Kontakt mit Brennnesseln und bei Ber\u00fchrung mit Quallen. Es lindert den Juckreiz und hat eine beruhigende Wirkung. Durch seine handliche Gr\u00f6\u00dfe passt der Stift in jede Tasche und ist somit auch ideal f\u00fcr unterwegs &#8211; jetzt stark preisgesenkt bestellen!<\/p>\n","protected":false},"excerpt":{"rendered":"<p>Der After Bite Stift ist die ideale erste Hilfe bei Insektenstichen und -bissen, bei Kontakt mit Brennnesseln und bei Ber\u00fchrung mit Quallen. Es lindert den Juckreiz und hat eine beruhigende Wirkung. Durch seine handliche Gr\u00f6\u00dfe passt der Stift in jede Tasche und ist somit auch ideal f\u00fcr unterwegs &#8211; jetzt stark preisgesenkt bestellen!<\/p>\n","protected":false},"featured_media":75690,"template":"","meta":{"_acf_changed":false},"product_brand":[],"product_cat":[801],"product_tag":[],"class_list":{"0":"post-75688","1":"product","2":"type-product","3":"status-publish","4":"has-post-thumbnail","6":"product_cat-a","7":"pa_packungsgroesse-20g","9":"first","10":"instock","11":"shipping-taxable","12":"purchasable","13":"product-type-simple"},"acf":[],"_links":{"self":[{"href":"https:\/\/www.ernstbrunn-apotheke.at\/katalog\/wp-json\/wp\/v2\/product\/75688","targetHints":{"allow":["GET"]}}],"collection":[{"href":"https:\/\/www.ernstbrunn-apotheke.at\/katalog\/wp-json\/wp\/v2\/product"}],"about":[{"href":"https:\/\/www.ernstbrunn-apotheke.at\/katalog\/wp-json\/wp\/v2\/types\/product"}],"wp:featuredmedia":[{"embeddable":true,"href":"https:\/\/www.ernstbrunn-apotheke.at\/katalog\/wp-json\/wp\/v2\/media\/75690"}],"wp:attachment":[{"href":"https:\/\/www.ernstbrunn-apotheke.at\/katalog\/wp-json\/wp\/v2\/media?parent=75688"}],"wp:term":[{"taxonomy":"product_brand","embeddable":true,"href":"https:\/\/www.ernstbrunn-apotheke.at\/katalog\/wp-json\/wp\/v2\/product_brand?post=75688"},{"taxonomy":"product_cat","embeddable":true,"href":"https:\/\/www.ernstbrunn-apotheke.at\/katalog\/wp-json\/wp\/v2\/product_cat?post=75688"},{"taxonomy":"product_tag","embeddable":true,"href":"https:\/\/www.ernstbrunn-apotheke.at\/katalog\/wp-json\/wp\/v2\/product_tag?post=75688"}],"curies":[{"name":"wp","href":"https:\/\/api.w.org\/{rel}","templated":true}]}}