{"id":75686,"date":"2025-11-11T21:15:30","date_gmt":"2025-11-11T20:15:30","guid":{"rendered":"https:\/\/www.ernstbrunn-apotheke.at\/katalog\/produkt\/hygiene-beutel-papier-100-stk\/"},"modified":"2025-12-08T18:43:19","modified_gmt":"2025-12-08T17:43:19","slug":"hygiene-beutel-papier-100-stk","status":"publish","type":"product","link":"https:\/\/www.ernstbrunn-apotheke.at\/katalog\/produkt\/hygiene-beutel-papier-100-stk\/","title":{"rendered":"Hygiene Beutel Papier 100 Stk."},"content":{"rendered":"<p>Hygiene Beutel Papier kommen auf Damentoiletten zum Einsatz. Diese preiswerten Papier-Hygienebeutel und Hygienebags sind von der Gr\u00f6\u00dfe her passend f\u00fcr verschiedene Hygienebeutelspender und Hygienebagspender.<\/p>\n","protected":false},"excerpt":{"rendered":"<p>Hygiene Beutel Papier kommen auf Damentoiletten zum Einsatz. Diese preiswerten Papier-Hygienebeutel und Hygienebags sind von der Gr\u00f6\u00dfe her passend f\u00fcr verschiedene Hygienebeutelspender und Hygienebagspender.<\/p>\n","protected":false},"featured_media":0,"template":"","meta":{"_acf_changed":false},"product_brand":[],"product_cat":[805],"product_tag":[],"class_list":{"0":"post-75686","1":"product","2":"type-product","3":"status-publish","5":"product_cat-h","6":"pa_packungsgroesse-100-beutel","8":"first","9":"instock","10":"shipping-taxable","11":"purchasable","12":"product-type-simple"},"acf":[],"_links":{"self":[{"href":"https:\/\/www.ernstbrunn-apotheke.at\/katalog\/wp-json\/wp\/v2\/product\/75686","targetHints":{"allow":["GET"]}}],"collection":[{"href":"https:\/\/www.ernstbrunn-apotheke.at\/katalog\/wp-json\/wp\/v2\/product"}],"about":[{"href":"https:\/\/www.ernstbrunn-apotheke.at\/katalog\/wp-json\/wp\/v2\/types\/product"}],"wp:attachment":[{"href":"https:\/\/www.ernstbrunn-apotheke.at\/katalog\/wp-json\/wp\/v2\/media?parent=75686"}],"wp:term":[{"taxonomy":"product_brand","embeddable":true,"href":"https:\/\/www.ernstbrunn-apotheke.at\/katalog\/wp-json\/wp\/v2\/product_brand?post=75686"},{"taxonomy":"product_cat","embeddable":true,"href":"https:\/\/www.ernstbrunn-apotheke.at\/katalog\/wp-json\/wp\/v2\/product_cat?post=75686"},{"taxonomy":"product_tag","embeddable":true,"href":"https:\/\/www.ernstbrunn-apotheke.at\/katalog\/wp-json\/wp\/v2\/product_tag?post=75686"}],"curies":[{"name":"wp","href":"https:\/\/api.w.org\/{rel}","templated":true}]}}