{"id":7560,"date":"2025-11-07T13:14:46","date_gmt":"2025-11-07T12:14:46","guid":{"rendered":"https:\/\/www.ernstbrunn-apotheke.at\/katalog\/produkt\/baldrian-dispert-forte-dragees-cheplapharm-bei-einschlafstoerungen\/"},"modified":"2025-12-08T13:23:57","modified_gmt":"2025-12-08T12:23:57","slug":"baldrian-dispert-forte-dragees-cheplapharm-bei-einschlafstoerungen","status":"publish","type":"product","link":"https:\/\/www.ernstbrunn-apotheke.at\/katalog\/produkt\/baldrian-dispert-forte-dragees-cheplapharm-bei-einschlafstoerungen\/","title":{"rendered":"BALDRIAN DISPERT Forte Dragees Cheplapharm &#8211; bei Einschlafst\u00f6rungen"},"content":{"rendered":"<p>BALDRIAN DISPERT\u00ae Forte Dragees ist ein pflanzliches Arzneimittel zur Beruhigung. Es wird angewendet bei Unruhezust\u00e4nden und nerv\u00f6s bedingten Einschlafst\u00f6rungen.<\/p>\n","protected":false},"excerpt":{"rendered":"<p>BALDRIAN DISPERT\u00ae Forte Dragees ist ein pflanzliches Arzneimittel zur Beruhigung. Es wird angewendet bei Unruhezust\u00e4nden und nerv\u00f6s bedingten Einschlafst\u00f6rungen.<\/p>\n","protected":false},"featured_media":7562,"template":"","meta":{"_acf_changed":false},"product_brand":[],"product_cat":[802],"product_tag":[],"class_list":{"0":"post-7560","1":"product","2":"type-product","3":"status-publish","4":"has-post-thumbnail","6":"product_cat-b","7":"pa_packungsgroesse-25-stueck","8":"pa_packungsgroesse-75-stueck","10":"first","11":"instock","12":"shipping-taxable","13":"purchasable","14":"product-type-simple"},"acf":[],"_links":{"self":[{"href":"https:\/\/www.ernstbrunn-apotheke.at\/katalog\/wp-json\/wp\/v2\/product\/7560","targetHints":{"allow":["GET"]}}],"collection":[{"href":"https:\/\/www.ernstbrunn-apotheke.at\/katalog\/wp-json\/wp\/v2\/product"}],"about":[{"href":"https:\/\/www.ernstbrunn-apotheke.at\/katalog\/wp-json\/wp\/v2\/types\/product"}],"wp:featuredmedia":[{"embeddable":true,"href":"https:\/\/www.ernstbrunn-apotheke.at\/katalog\/wp-json\/wp\/v2\/media\/7562"}],"wp:attachment":[{"href":"https:\/\/www.ernstbrunn-apotheke.at\/katalog\/wp-json\/wp\/v2\/media?parent=7560"}],"wp:term":[{"taxonomy":"product_brand","embeddable":true,"href":"https:\/\/www.ernstbrunn-apotheke.at\/katalog\/wp-json\/wp\/v2\/product_brand?post=7560"},{"taxonomy":"product_cat","embeddable":true,"href":"https:\/\/www.ernstbrunn-apotheke.at\/katalog\/wp-json\/wp\/v2\/product_cat?post=7560"},{"taxonomy":"product_tag","embeddable":true,"href":"https:\/\/www.ernstbrunn-apotheke.at\/katalog\/wp-json\/wp\/v2\/product_tag?post=7560"}],"curies":[{"name":"wp","href":"https:\/\/api.w.org\/{rel}","templated":true}]}}