{"id":75593,"date":"2025-11-11T21:14:21","date_gmt":"2025-11-11T20:14:21","guid":{"rendered":"https:\/\/www.ernstbrunn-apotheke.at\/katalog\/produkt\/ren-evercalm-gentle-cleansing-milk-150-ml\/"},"modified":"2025-12-08T18:42:33","modified_gmt":"2025-12-08T17:42:33","slug":"ren-evercalm-gentle-cleansing-milk-150-ml","status":"publish","type":"product","link":"https:\/\/www.ernstbrunn-apotheke.at\/katalog\/produkt\/ren-evercalm-gentle-cleansing-milk-150-ml\/","title":{"rendered":"Ren Evercalm Gentle Cleansing Milk 150 ml"},"content":{"rendered":"<p>Ren Evercalm Gentle Cleansing Milk erh\u00f6ht die Widerstandskraft der Haut erh\u00f6ht und reduziert die Anzeichen von Reizung und Empfindlichkeit, die zu fr\u00fchzeitigem Altern f\u00fchrt. Sie wirkt auf sanfte Weise, um Schmutz, Verunreinigung und Make-up zu entfernen und ist f\u00fcr empfindliche Haut geeignet.<\/p>\n","protected":false},"excerpt":{"rendered":"<p>Ren Evercalm Gentle Cleansing Milk erh\u00f6ht die Widerstandskraft der Haut erh\u00f6ht und reduziert die Anzeichen von Reizung und Empfindlichkeit, die zu fr\u00fchzeitigem Altern f\u00fchrt. Sie wirkt auf sanfte Weise, um Schmutz, Verunreinigung und Make-up zu entfernen und ist f\u00fcr empfindliche Haut geeignet.<\/p>\n","protected":false},"featured_media":0,"template":"","meta":{"_acf_changed":false},"product_brand":[],"product_cat":[808],"product_tag":[],"class_list":{"0":"post-75593","1":"product","2":"type-product","3":"status-publish","5":"product_cat-r","6":"pa_packungsgroesse-150ml","8":"first","9":"instock","10":"shipping-taxable","11":"purchasable","12":"product-type-simple"},"acf":[],"_links":{"self":[{"href":"https:\/\/www.ernstbrunn-apotheke.at\/katalog\/wp-json\/wp\/v2\/product\/75593","targetHints":{"allow":["GET"]}}],"collection":[{"href":"https:\/\/www.ernstbrunn-apotheke.at\/katalog\/wp-json\/wp\/v2\/product"}],"about":[{"href":"https:\/\/www.ernstbrunn-apotheke.at\/katalog\/wp-json\/wp\/v2\/types\/product"}],"wp:attachment":[{"href":"https:\/\/www.ernstbrunn-apotheke.at\/katalog\/wp-json\/wp\/v2\/media?parent=75593"}],"wp:term":[{"taxonomy":"product_brand","embeddable":true,"href":"https:\/\/www.ernstbrunn-apotheke.at\/katalog\/wp-json\/wp\/v2\/product_brand?post=75593"},{"taxonomy":"product_cat","embeddable":true,"href":"https:\/\/www.ernstbrunn-apotheke.at\/katalog\/wp-json\/wp\/v2\/product_cat?post=75593"},{"taxonomy":"product_tag","embeddable":true,"href":"https:\/\/www.ernstbrunn-apotheke.at\/katalog\/wp-json\/wp\/v2\/product_tag?post=75593"}],"curies":[{"name":"wp","href":"https:\/\/api.w.org\/{rel}","templated":true}]}}