{"id":75562,"date":"2025-11-11T21:13:31","date_gmt":"2025-11-11T20:13:31","guid":{"rendered":"https:\/\/www.ernstbrunn-apotheke.at\/katalog\/produkt\/baobab-pulver-bio-fuenf-jahreszeiten-120-g\/"},"modified":"2025-12-08T18:42:22","modified_gmt":"2025-12-08T17:42:22","slug":"baobab-pulver-bio-fuenf-jahreszeiten-120-g","status":"publish","type":"product","link":"https:\/\/www.ernstbrunn-apotheke.at\/katalog\/produkt\/baobab-pulver-bio-fuenf-jahreszeiten-120-g\/","title":{"rendered":"Baobab Pulver Bio F\u00fcnf Jahreszeiten 120 g"},"content":{"rendered":"<p>Baobab Pulver Bio F\u00fcnf Jahreszeiten enth\u00e4lt N\u00e4hr- und Vitalstoffe in optimalem Mengenverh\u00e4ltnis. Neben seinem reichen Kaliumgehalt und sehr hohen Ballaststoffanteil gl\u00e4nzt das Pulver durch reichen Vitamin C Gehalt. Der hohe Ballaststoffanteil von 44%  deckt einen hohen Anteil des t\u00e4glichen Bedarfs. So werden Verdauungsprobleme und Verstopfung g\u00fcnstig beeinflusst.<\/p>\n","protected":false},"excerpt":{"rendered":"<p>Baobab Pulver Bio F\u00fcnf Jahreszeiten enth\u00e4lt N\u00e4hr- und Vitalstoffe in optimalem Mengenverh\u00e4ltnis. Neben seinem reichen Kaliumgehalt und sehr hohen Ballaststoffanteil gl\u00e4nzt das Pulver durch reichen Vitamin C Gehalt. Der hohe Ballaststoffanteil von 44% deckt einen hohen Anteil des t\u00e4glichen Bedarfs. So werden Verdauungsprobleme und Verstopfung g\u00fcnstig beeinflusst.<\/p>\n","protected":false},"featured_media":75564,"template":"","meta":{"_acf_changed":false},"product_brand":[],"product_cat":[802],"product_tag":[],"class_list":{"0":"post-75562","1":"product","2":"type-product","3":"status-publish","4":"has-post-thumbnail","6":"product_cat-b","7":"pa_packungsgroesse-120g","9":"first","10":"instock","11":"shipping-taxable","12":"purchasable","13":"product-type-simple"},"acf":[],"_links":{"self":[{"href":"https:\/\/www.ernstbrunn-apotheke.at\/katalog\/wp-json\/wp\/v2\/product\/75562","targetHints":{"allow":["GET"]}}],"collection":[{"href":"https:\/\/www.ernstbrunn-apotheke.at\/katalog\/wp-json\/wp\/v2\/product"}],"about":[{"href":"https:\/\/www.ernstbrunn-apotheke.at\/katalog\/wp-json\/wp\/v2\/types\/product"}],"wp:featuredmedia":[{"embeddable":true,"href":"https:\/\/www.ernstbrunn-apotheke.at\/katalog\/wp-json\/wp\/v2\/media\/75564"}],"wp:attachment":[{"href":"https:\/\/www.ernstbrunn-apotheke.at\/katalog\/wp-json\/wp\/v2\/media?parent=75562"}],"wp:term":[{"taxonomy":"product_brand","embeddable":true,"href":"https:\/\/www.ernstbrunn-apotheke.at\/katalog\/wp-json\/wp\/v2\/product_brand?post=75562"},{"taxonomy":"product_cat","embeddable":true,"href":"https:\/\/www.ernstbrunn-apotheke.at\/katalog\/wp-json\/wp\/v2\/product_cat?post=75562"},{"taxonomy":"product_tag","embeddable":true,"href":"https:\/\/www.ernstbrunn-apotheke.at\/katalog\/wp-json\/wp\/v2\/product_tag?post=75562"}],"curies":[{"name":"wp","href":"https:\/\/api.w.org\/{rel}","templated":true}]}}