{"id":75511,"date":"2025-11-11T21:12:43","date_gmt":"2025-11-11T20:12:43","guid":{"rendered":"https:\/\/www.ernstbrunn-apotheke.at\/katalog\/produkt\/zeinpharma-myo-inositol-500-mg-kapseln-60-stk\/"},"modified":"2025-12-08T18:42:00","modified_gmt":"2025-12-08T17:42:00","slug":"zeinpharma-myo-inositol-500-mg-kapseln-60-stk","status":"publish","type":"product","link":"https:\/\/www.ernstbrunn-apotheke.at\/katalog\/produkt\/zeinpharma-myo-inositol-500-mg-kapseln-60-stk\/","title":{"rendered":"ZeinPharma Myo-Inositol 500 mg Kapseln 60 Stk."},"content":{"rendered":"<p>ZeinPharme Myo-Inositol 500 mg Kapseln stellen Ihnen eine exzellente Quelle f\u00fcr Inositol bereit: Jede Kapsel enth\u00e4lt 500 mg reines Myo-Inositol. Die Myo-Inositol Kapseln werden auf nat\u00fcrlicher Basis hergestellt und sind von h\u00f6chster Qualit\u00e4t.<\/p>\n","protected":false},"excerpt":{"rendered":"<p>ZeinPharme Myo-Inositol 500 mg Kapseln stellen Ihnen eine exzellente Quelle f\u00fcr Inositol bereit: Jede Kapsel enth\u00e4lt 500 mg reines Myo-Inositol. Die Myo-Inositol Kapseln werden auf nat\u00fcrlicher Basis hergestellt und sind von h\u00f6chster Qualit\u00e4t.<\/p>\n","protected":false},"featured_media":75513,"template":"","meta":{"_acf_changed":false},"product_brand":[],"product_cat":[803],"product_tag":[],"class_list":{"0":"post-75511","1":"product","2":"type-product","3":"status-publish","4":"has-post-thumbnail","6":"product_cat-z","7":"pa_packungsgroesse-60-stueck","9":"first","10":"instock","11":"shipping-taxable","12":"purchasable","13":"product-type-simple"},"acf":[],"_links":{"self":[{"href":"https:\/\/www.ernstbrunn-apotheke.at\/katalog\/wp-json\/wp\/v2\/product\/75511","targetHints":{"allow":["GET"]}}],"collection":[{"href":"https:\/\/www.ernstbrunn-apotheke.at\/katalog\/wp-json\/wp\/v2\/product"}],"about":[{"href":"https:\/\/www.ernstbrunn-apotheke.at\/katalog\/wp-json\/wp\/v2\/types\/product"}],"wp:featuredmedia":[{"embeddable":true,"href":"https:\/\/www.ernstbrunn-apotheke.at\/katalog\/wp-json\/wp\/v2\/media\/75513"}],"wp:attachment":[{"href":"https:\/\/www.ernstbrunn-apotheke.at\/katalog\/wp-json\/wp\/v2\/media?parent=75511"}],"wp:term":[{"taxonomy":"product_brand","embeddable":true,"href":"https:\/\/www.ernstbrunn-apotheke.at\/katalog\/wp-json\/wp\/v2\/product_brand?post=75511"},{"taxonomy":"product_cat","embeddable":true,"href":"https:\/\/www.ernstbrunn-apotheke.at\/katalog\/wp-json\/wp\/v2\/product_cat?post=75511"},{"taxonomy":"product_tag","embeddable":true,"href":"https:\/\/www.ernstbrunn-apotheke.at\/katalog\/wp-json\/wp\/v2\/product_tag?post=75511"}],"curies":[{"name":"wp","href":"https:\/\/api.w.org\/{rel}","templated":true}]}}