{"id":7550,"date":"2025-11-07T13:14:46","date_gmt":"2025-11-07T12:14:46","guid":{"rendered":"https:\/\/www.ernstbrunn-apotheke.at\/katalog\/produkt\/easysleep-schlaftee-verkuerzt-durch-melatonin-die-einschlafzeit-20-beutel\/"},"modified":"2025-12-08T13:23:57","modified_gmt":"2025-12-08T12:23:57","slug":"easysleep-schlaftee-verkuerzt-durch-melatonin-die-einschlafzeit-20-beutel","status":"publish","type":"product","link":"https:\/\/www.ernstbrunn-apotheke.at\/katalog\/produkt\/easysleep-schlaftee-verkuerzt-durch-melatonin-die-einschlafzeit-20-beutel\/","title":{"rendered":"Easysleep SCHLAFTEE verk\u00fcrzt durch Melatonin die Einschlafzeit &#8211; 20 Beutel"},"content":{"rendered":"<p>Probleme beim Ein- und Durchschlafen k\u00f6nnen jeden betreffen. Sie k\u00f6nnen die geistige und k\u00f6rperliche Gesundheit beeintr\u00e4chtigen. Die L\u00f6sung daf\u00fcr ist easysleep &#8211; das innovative Nahrungserg\u00e4nzungsmittel, das die Einschlafzeit verk\u00fcrzt und f\u00fcr einen gesunden Schlaf sorgt.<\/p>\n","protected":false},"excerpt":{"rendered":"<p>Probleme beim Ein- und Durchschlafen k\u00f6nnen jeden betreffen. Sie k\u00f6nnen die geistige und k\u00f6rperliche Gesundheit beeintr\u00e4chtigen. Die L\u00f6sung daf\u00fcr ist easysleep &#8211; das innovative Nahrungserg\u00e4nzungsmittel, das die Einschlafzeit verk\u00fcrzt und f\u00fcr einen gesunden Schlaf sorgt.<\/p>\n","protected":false},"featured_media":7552,"template":"","meta":{"_acf_changed":false},"product_brand":[367],"product_cat":[794],"product_tag":[],"class_list":{"0":"post-7550","1":"product","2":"type-product","3":"status-publish","4":"has-post-thumbnail","6":"product_brand-easypharm","7":"product_cat-e","8":"pa_packungsgroesse-20-beutel","10":"first","11":"instock","12":"shipping-taxable","13":"purchasable","14":"product-type-simple"},"acf":[],"_links":{"self":[{"href":"https:\/\/www.ernstbrunn-apotheke.at\/katalog\/wp-json\/wp\/v2\/product\/7550","targetHints":{"allow":["GET"]}}],"collection":[{"href":"https:\/\/www.ernstbrunn-apotheke.at\/katalog\/wp-json\/wp\/v2\/product"}],"about":[{"href":"https:\/\/www.ernstbrunn-apotheke.at\/katalog\/wp-json\/wp\/v2\/types\/product"}],"wp:featuredmedia":[{"embeddable":true,"href":"https:\/\/www.ernstbrunn-apotheke.at\/katalog\/wp-json\/wp\/v2\/media\/7552"}],"wp:attachment":[{"href":"https:\/\/www.ernstbrunn-apotheke.at\/katalog\/wp-json\/wp\/v2\/media?parent=7550"}],"wp:term":[{"taxonomy":"product_brand","embeddable":true,"href":"https:\/\/www.ernstbrunn-apotheke.at\/katalog\/wp-json\/wp\/v2\/product_brand?post=7550"},{"taxonomy":"product_cat","embeddable":true,"href":"https:\/\/www.ernstbrunn-apotheke.at\/katalog\/wp-json\/wp\/v2\/product_cat?post=7550"},{"taxonomy":"product_tag","embeddable":true,"href":"https:\/\/www.ernstbrunn-apotheke.at\/katalog\/wp-json\/wp\/v2\/product_tag?post=7550"}],"curies":[{"name":"wp","href":"https:\/\/api.w.org\/{rel}","templated":true}]}}