{"id":75472,"date":"2025-11-11T21:11:56","date_gmt":"2025-11-11T20:11:56","guid":{"rendered":"https:\/\/www.ernstbrunn-apotheke.at\/katalog\/produkt\/figureform-basen-spirulina-kapseln-90-stk\/"},"modified":"2025-12-08T18:41:35","modified_gmt":"2025-12-08T17:41:35","slug":"figureform-basen-spirulina-kapseln-90-stk","status":"publish","type":"product","link":"https:\/\/www.ernstbrunn-apotheke.at\/katalog\/produkt\/figureform-basen-spirulina-kapseln-90-stk\/","title":{"rendered":"Figureform Basen Spirulina Kapseln 90 Stk."},"content":{"rendered":"<p>Figureform Basen-Spirulina ist eine hochbasische Nahrungserg\u00e4nzung mit einem nat\u00fcrlichen Komplex aus Aminos\u00e4uren, Vitaminen, Spurenelementen, Mineralstoffen und \u00fcber 50 weiteren Mikron\u00e4hrstoffen.<\/p>\n","protected":false},"excerpt":{"rendered":"<p>Figureform Basen-Spirulina ist eine hochbasische Nahrungserg\u00e4nzung mit einem nat\u00fcrlichen Komplex aus Aminos\u00e4uren, Vitaminen, Spurenelementen, Mineralstoffen und \u00fcber 50 weiteren Mikron\u00e4hrstoffen.<\/p>\n","protected":false},"featured_media":75474,"template":"","meta":{"_acf_changed":false},"product_brand":[],"product_cat":[809],"product_tag":[],"class_list":{"0":"post-75472","1":"product","2":"type-product","3":"status-publish","4":"has-post-thumbnail","6":"product_cat-f","7":"pa_packungsgroesse-90-stueck","9":"first","10":"instock","11":"shipping-taxable","12":"purchasable","13":"product-type-simple"},"acf":[],"_links":{"self":[{"href":"https:\/\/www.ernstbrunn-apotheke.at\/katalog\/wp-json\/wp\/v2\/product\/75472","targetHints":{"allow":["GET"]}}],"collection":[{"href":"https:\/\/www.ernstbrunn-apotheke.at\/katalog\/wp-json\/wp\/v2\/product"}],"about":[{"href":"https:\/\/www.ernstbrunn-apotheke.at\/katalog\/wp-json\/wp\/v2\/types\/product"}],"wp:featuredmedia":[{"embeddable":true,"href":"https:\/\/www.ernstbrunn-apotheke.at\/katalog\/wp-json\/wp\/v2\/media\/75474"}],"wp:attachment":[{"href":"https:\/\/www.ernstbrunn-apotheke.at\/katalog\/wp-json\/wp\/v2\/media?parent=75472"}],"wp:term":[{"taxonomy":"product_brand","embeddable":true,"href":"https:\/\/www.ernstbrunn-apotheke.at\/katalog\/wp-json\/wp\/v2\/product_brand?post=75472"},{"taxonomy":"product_cat","embeddable":true,"href":"https:\/\/www.ernstbrunn-apotheke.at\/katalog\/wp-json\/wp\/v2\/product_cat?post=75472"},{"taxonomy":"product_tag","embeddable":true,"href":"https:\/\/www.ernstbrunn-apotheke.at\/katalog\/wp-json\/wp\/v2\/product_tag?post=75472"}],"curies":[{"name":"wp","href":"https:\/\/api.w.org\/{rel}","templated":true}]}}