{"id":75333,"date":"2025-11-11T21:09:50","date_gmt":"2025-11-11T20:09:50","guid":{"rendered":"https:\/\/www.ernstbrunn-apotheke.at\/katalog\/produkt\/madara-exfoliating-scrub-60-ml-peeling\/"},"modified":"2025-12-08T18:40:26","modified_gmt":"2025-12-08T17:40:26","slug":"madara-exfoliating-scrub-60-ml-peeling","status":"publish","type":"product","link":"https:\/\/www.ernstbrunn-apotheke.at\/katalog\/produkt\/madara-exfoliating-scrub-60-ml-peeling\/","title":{"rendered":"Madara Exfoliating Scrub 60 ml Peeling"},"content":{"rendered":"<p>Madara Exfoliating Scrub Oil-To-Milk ist ein luxuri\u00f6ses und \u00d6l-basiertes Peeling, das sich bei der Anwendung verwandelt und eine zarte Milchtextur annimmt. Das Peeling reinigt sanft und macht die Haut wunderbar weich und geschmeidig. Die Haut wird dazu angeregt sich auf nat\u00fcrliche Weise selbst zu erneuern. Aprikose und Hafer-\u00d6l binden Schmutz und Unreinheiten, w\u00e4hrend nat\u00fcrliche und sanfte Mikrok\u00fcgelchen verstopfte Poren s\u00e4ubern und \u00f6ffnen, abgestorbene Hautzellen entfernen und die Haut zum Strahlen bringen.<\/p>\n","protected":false},"excerpt":{"rendered":"<p>Madara Exfoliating Scrub Oil-To-Milk ist ein luxuri\u00f6ses und \u00d6l-basiertes Peeling, das sich bei der Anwendung verwandelt und eine zarte Milchtextur annimmt. Das Peeling reinigt sanft und macht die Haut wunderbar weich und geschmeidig. Die Haut wird dazu angeregt sich auf nat\u00fcrliche Weise selbst zu erneuern. Aprikose und Hafer-\u00d6l binden Schmutz und Unreinheiten, w\u00e4hrend nat\u00fcrliche und [&hellip;]<\/p>\n","protected":false},"featured_media":75335,"template":"","meta":{"_acf_changed":false},"product_brand":[1253],"product_cat":[800],"product_tag":[],"class_list":{"0":"post-75333","1":"product","2":"type-product","3":"status-publish","4":"has-post-thumbnail","6":"product_brand-madara","7":"product_cat-m","8":"pa_packungsgroesse-60ml","10":"first","11":"instock","12":"shipping-taxable","13":"purchasable","14":"product-type-simple"},"acf":[],"_links":{"self":[{"href":"https:\/\/www.ernstbrunn-apotheke.at\/katalog\/wp-json\/wp\/v2\/product\/75333","targetHints":{"allow":["GET"]}}],"collection":[{"href":"https:\/\/www.ernstbrunn-apotheke.at\/katalog\/wp-json\/wp\/v2\/product"}],"about":[{"href":"https:\/\/www.ernstbrunn-apotheke.at\/katalog\/wp-json\/wp\/v2\/types\/product"}],"wp:featuredmedia":[{"embeddable":true,"href":"https:\/\/www.ernstbrunn-apotheke.at\/katalog\/wp-json\/wp\/v2\/media\/75335"}],"wp:attachment":[{"href":"https:\/\/www.ernstbrunn-apotheke.at\/katalog\/wp-json\/wp\/v2\/media?parent=75333"}],"wp:term":[{"taxonomy":"product_brand","embeddable":true,"href":"https:\/\/www.ernstbrunn-apotheke.at\/katalog\/wp-json\/wp\/v2\/product_brand?post=75333"},{"taxonomy":"product_cat","embeddable":true,"href":"https:\/\/www.ernstbrunn-apotheke.at\/katalog\/wp-json\/wp\/v2\/product_cat?post=75333"},{"taxonomy":"product_tag","embeddable":true,"href":"https:\/\/www.ernstbrunn-apotheke.at\/katalog\/wp-json\/wp\/v2\/product_tag?post=75333"}],"curies":[{"name":"wp","href":"https:\/\/api.w.org\/{rel}","templated":true}]}}