{"id":75267,"date":"2025-11-11T21:08:34","date_gmt":"2025-11-11T20:08:34","guid":{"rendered":"https:\/\/www.ernstbrunn-apotheke.at\/katalog\/produkt\/eco-cosmetics-sonnengel-gesicht-lsf-30-30-ml\/"},"modified":"2025-12-08T18:40:05","modified_gmt":"2025-12-08T17:40:05","slug":"eco-cosmetics-sonnengel-gesicht-lsf-30-30-ml","status":"publish","type":"product","link":"https:\/\/www.ernstbrunn-apotheke.at\/katalog\/produkt\/eco-cosmetics-sonnengel-gesicht-lsf-30-30-ml\/","title":{"rendered":"Eco Cosmetics Sonnengel Gesicht LSF 30 30 ml"},"content":{"rendered":"<p>Eco Cosmetics Sonnengel Gesicht LSF 30 eignet sich f\u00fcr alle Hauttypen und ist ein transparenter Sonnenschutz mit mineralisch-pflanzlichen Lichtschutz-Filtern. Das Gel bietet zuverl\u00e4ssigen Schutz des Gesichts und versorgt die Haut durch die in ihm enthaltenen \u00d6le aus Sanddorn und Granatapfel gleichzeitig mit wichtigen N\u00e4hrstoffen. Das Produkt enth\u00e4lt teilweise biologische Inhaltsstoffe.<\/p>\n","protected":false},"excerpt":{"rendered":"<p>Eco Cosmetics Sonnengel Gesicht LSF 30 eignet sich f\u00fcr alle Hauttypen und ist ein transparenter Sonnenschutz mit mineralisch-pflanzlichen Lichtschutz-Filtern. Das Gel bietet zuverl\u00e4ssigen Schutz des Gesichts und versorgt die Haut durch die in ihm enthaltenen \u00d6le aus Sanddorn und Granatapfel gleichzeitig mit wichtigen N\u00e4hrstoffen. Das Produkt enth\u00e4lt teilweise biologische Inhaltsstoffe.<\/p>\n","protected":false},"featured_media":75269,"template":"","meta":{"_acf_changed":false},"product_brand":[],"product_cat":[794],"product_tag":[],"class_list":{"0":"post-75267","1":"product","2":"type-product","3":"status-publish","4":"has-post-thumbnail","6":"product_cat-e","7":"pa_packungsgroesse-30ml","9":"first","10":"instock","11":"shipping-taxable","12":"purchasable","13":"product-type-simple"},"acf":[],"_links":{"self":[{"href":"https:\/\/www.ernstbrunn-apotheke.at\/katalog\/wp-json\/wp\/v2\/product\/75267","targetHints":{"allow":["GET"]}}],"collection":[{"href":"https:\/\/www.ernstbrunn-apotheke.at\/katalog\/wp-json\/wp\/v2\/product"}],"about":[{"href":"https:\/\/www.ernstbrunn-apotheke.at\/katalog\/wp-json\/wp\/v2\/types\/product"}],"wp:featuredmedia":[{"embeddable":true,"href":"https:\/\/www.ernstbrunn-apotheke.at\/katalog\/wp-json\/wp\/v2\/media\/75269"}],"wp:attachment":[{"href":"https:\/\/www.ernstbrunn-apotheke.at\/katalog\/wp-json\/wp\/v2\/media?parent=75267"}],"wp:term":[{"taxonomy":"product_brand","embeddable":true,"href":"https:\/\/www.ernstbrunn-apotheke.at\/katalog\/wp-json\/wp\/v2\/product_brand?post=75267"},{"taxonomy":"product_cat","embeddable":true,"href":"https:\/\/www.ernstbrunn-apotheke.at\/katalog\/wp-json\/wp\/v2\/product_cat?post=75267"},{"taxonomy":"product_tag","embeddable":true,"href":"https:\/\/www.ernstbrunn-apotheke.at\/katalog\/wp-json\/wp\/v2\/product_tag?post=75267"}],"curies":[{"name":"wp","href":"https:\/\/api.w.org\/{rel}","templated":true}]}}