{"id":7520,"date":"2025-11-07T13:14:46","date_gmt":"2025-11-07T12:14:46","guid":{"rendered":"https:\/\/www.ernstbrunn-apotheke.at\/katalog\/produkt\/easysleep-einschlaf-spray-verkuerzt-durch-melatonin-die-einschlafzeit-12ml\/"},"modified":"2025-12-08T13:23:54","modified_gmt":"2025-12-08T12:23:54","slug":"easysleep-einschlaf-spray-verkuerzt-durch-melatonin-die-einschlafzeit-12ml","status":"publish","type":"product","link":"https:\/\/www.ernstbrunn-apotheke.at\/katalog\/produkt\/easysleep-einschlaf-spray-verkuerzt-durch-melatonin-die-einschlafzeit-12ml\/","title":{"rendered":"Easysleep EINSCHLAF SPRAY verk\u00fcrzt durch Melatonin die Einschlafzeit &#8211; 12ml"},"content":{"rendered":"<p>Der easysleep\u00ae Einschlaf-Spray 12 ml ist ein innovatives Nahrungserg\u00e4nzungsmittel, das durch seinen Inhaltsstoff Melatonin und der Darreichungsform als Spray die Einschlafzeit verk\u00fcrzt und Sie dabei unterst\u00fctzt, rasch (wieder) einzuschlafen. Melatonin ist eine k\u00f6rpereigene, nat\u00fcrliche Substanz, die den Tag-Nacht Rhythmus unseres K\u00f6rpers steuert.<\/p>\n","protected":false},"excerpt":{"rendered":"<p>Der easysleep\u00ae Einschlaf-Spray 12 ml ist ein innovatives Nahrungserg\u00e4nzungsmittel, das durch seinen Inhaltsstoff Melatonin und der Darreichungsform als Spray die Einschlafzeit verk\u00fcrzt und Sie dabei unterst\u00fctzt, rasch (wieder) einzuschlafen. Melatonin ist eine k\u00f6rpereigene, nat\u00fcrliche Substanz, die den Tag-Nacht Rhythmus unseres K\u00f6rpers steuert.<\/p>\n","protected":false},"featured_media":7522,"template":"","meta":{"_acf_changed":false},"product_brand":[367],"product_cat":[794],"product_tag":[],"class_list":{"0":"post-7520","1":"product","2":"type-product","3":"status-publish","4":"has-post-thumbnail","6":"product_brand-easypharm","7":"product_cat-e","8":"pa_packungsgroesse-12ml","10":"first","11":"instock","12":"shipping-taxable","13":"purchasable","14":"product-type-simple"},"acf":[],"_links":{"self":[{"href":"https:\/\/www.ernstbrunn-apotheke.at\/katalog\/wp-json\/wp\/v2\/product\/7520","targetHints":{"allow":["GET"]}}],"collection":[{"href":"https:\/\/www.ernstbrunn-apotheke.at\/katalog\/wp-json\/wp\/v2\/product"}],"about":[{"href":"https:\/\/www.ernstbrunn-apotheke.at\/katalog\/wp-json\/wp\/v2\/types\/product"}],"wp:featuredmedia":[{"embeddable":true,"href":"https:\/\/www.ernstbrunn-apotheke.at\/katalog\/wp-json\/wp\/v2\/media\/7522"}],"wp:attachment":[{"href":"https:\/\/www.ernstbrunn-apotheke.at\/katalog\/wp-json\/wp\/v2\/media?parent=7520"}],"wp:term":[{"taxonomy":"product_brand","embeddable":true,"href":"https:\/\/www.ernstbrunn-apotheke.at\/katalog\/wp-json\/wp\/v2\/product_brand?post=7520"},{"taxonomy":"product_cat","embeddable":true,"href":"https:\/\/www.ernstbrunn-apotheke.at\/katalog\/wp-json\/wp\/v2\/product_cat?post=7520"},{"taxonomy":"product_tag","embeddable":true,"href":"https:\/\/www.ernstbrunn-apotheke.at\/katalog\/wp-json\/wp\/v2\/product_tag?post=7520"}],"curies":[{"name":"wp","href":"https:\/\/api.w.org\/{rel}","templated":true}]}}