{"id":75179,"date":"2025-11-11T21:06:43","date_gmt":"2025-11-11T20:06:43","guid":{"rendered":"https:\/\/www.ernstbrunn-apotheke.at\/katalog\/produkt\/casida-vitamin-c-serum-hyaluron-straffende-anti-age-pflege-30ml\/"},"modified":"2025-12-08T18:39:34","modified_gmt":"2025-12-08T17:39:34","slug":"casida-vitamin-c-serum-hyaluron-straffende-anti-age-pflege-30ml","status":"publish","type":"product","link":"https:\/\/www.ernstbrunn-apotheke.at\/katalog\/produkt\/casida-vitamin-c-serum-hyaluron-straffende-anti-age-pflege-30ml\/","title":{"rendered":"Casida VITAMIN C SERUM + Hyaluron straffende Anti &#8211; Age &#8211; Pflege &#8211; 30ml"},"content":{"rendered":"<p>Antioxidatives Anti-Aging Serum f\u00fcr eine frische Haut! Zus\u00e4tzlich zur feuchtigkeitsspendenden und hautverj\u00fcngenden Hyalurons\u00e4ure enth\u00e4lt dieses Serum Vitamin C (Ascorbins\u00e4ure) als wirkungsvollen Anti-Aging-Wirkstoff. Vitamin C bek\u00e4mpft freie Radikale, unterst\u00fctzt die hauteigenen Abwehrkr\u00e4fte und regt die Kollagenproduktion an. In dieser Kombination ist die Haut gegen vorzeitige Alterungserscheinungen gesch\u00fctzt. Erste Linien und F\u00e4ltchen werden gemildert, Pigmentflecken werden aufgehellt. Die Haut f\u00fchlt sich glatt, gepflegt und gestrafft an &#8211; dieses und weitere Produkte von Casida dauerhaft preisgesenkt bestellen!<\/p>\n","protected":false},"excerpt":{"rendered":"<p>Antioxidatives Anti-Aging Serum f\u00fcr eine frische Haut! Zus\u00e4tzlich zur feuchtigkeitsspendenden und hautverj\u00fcngenden Hyalurons\u00e4ure enth\u00e4lt dieses Serum Vitamin C (Ascorbins\u00e4ure) als wirkungsvollen Anti-Aging-Wirkstoff. Vitamin C bek\u00e4mpft freie Radikale, unterst\u00fctzt die hauteigenen Abwehrkr\u00e4fte und regt die Kollagenproduktion an. In dieser Kombination ist die Haut gegen vorzeitige Alterungserscheinungen gesch\u00fctzt. Erste Linien und F\u00e4ltchen werden gemildert, Pigmentflecken werden aufgehellt. [&hellip;]<\/p>\n","protected":false},"featured_media":75181,"template":"","meta":{"_acf_changed":false},"product_brand":[],"product_cat":[812],"product_tag":[],"class_list":{"0":"post-75179","1":"product","2":"type-product","3":"status-publish","4":"has-post-thumbnail","6":"product_cat-c","7":"pa_packungsgroesse-30ml","9":"first","10":"instock","11":"shipping-taxable","12":"purchasable","13":"product-type-simple"},"acf":[],"_links":{"self":[{"href":"https:\/\/www.ernstbrunn-apotheke.at\/katalog\/wp-json\/wp\/v2\/product\/75179","targetHints":{"allow":["GET"]}}],"collection":[{"href":"https:\/\/www.ernstbrunn-apotheke.at\/katalog\/wp-json\/wp\/v2\/product"}],"about":[{"href":"https:\/\/www.ernstbrunn-apotheke.at\/katalog\/wp-json\/wp\/v2\/types\/product"}],"wp:featuredmedia":[{"embeddable":true,"href":"https:\/\/www.ernstbrunn-apotheke.at\/katalog\/wp-json\/wp\/v2\/media\/75181"}],"wp:attachment":[{"href":"https:\/\/www.ernstbrunn-apotheke.at\/katalog\/wp-json\/wp\/v2\/media?parent=75179"}],"wp:term":[{"taxonomy":"product_brand","embeddable":true,"href":"https:\/\/www.ernstbrunn-apotheke.at\/katalog\/wp-json\/wp\/v2\/product_brand?post=75179"},{"taxonomy":"product_cat","embeddable":true,"href":"https:\/\/www.ernstbrunn-apotheke.at\/katalog\/wp-json\/wp\/v2\/product_cat?post=75179"},{"taxonomy":"product_tag","embeddable":true,"href":"https:\/\/www.ernstbrunn-apotheke.at\/katalog\/wp-json\/wp\/v2\/product_tag?post=75179"}],"curies":[{"name":"wp","href":"https:\/\/api.w.org\/{rel}","templated":true}]}}