{"id":75143,"date":"2025-11-11T21:05:52","date_gmt":"2025-11-11T20:05:52","guid":{"rendered":"https:\/\/www.ernstbrunn-apotheke.at\/katalog\/produkt\/arthrodisc-wax-75-ml\/"},"modified":"2025-12-08T18:39:22","modified_gmt":"2025-12-08T17:39:22","slug":"arthrodisc-wax-75-ml","status":"publish","type":"product","link":"https:\/\/www.ernstbrunn-apotheke.at\/katalog\/produkt\/arthrodisc-wax-75-ml\/","title":{"rendered":"Arthrodisc Wax 75 ml"},"content":{"rendered":"<p>Arthrodisc Wax mit schmerzstillender, durchblutungsf\u00f6rdernder und w\u00e4rmender Wirkung erm\u00f6glicht eine tiefe Entspannung und Lockerung der Muskulatur. Durch die Steigerung der Durchblutung kommt es zu einem raschen Abtransport von Stoffwechselabfallprodukten wie etwa aus Bluterg\u00fcssen oder Entz\u00fcndungen aus der Muskulatur<\/p>\n","protected":false},"excerpt":{"rendered":"<p>Arthrodisc Wax mit schmerzstillender, durchblutungsf\u00f6rdernder und w\u00e4rmender Wirkung erm\u00f6glicht eine tiefe Entspannung und Lockerung der Muskulatur. Durch die Steigerung der Durchblutung kommt es zu einem raschen Abtransport von Stoffwechselabfallprodukten wie etwa aus Bluterg\u00fcssen oder Entz\u00fcndungen aus der Muskulatur<\/p>\n","protected":false},"featured_media":75145,"template":"","meta":{"_acf_changed":false},"product_brand":[],"product_cat":[801],"product_tag":[],"class_list":{"0":"post-75143","1":"product","2":"type-product","3":"status-publish","4":"has-post-thumbnail","6":"product_cat-a","7":"pa_packungsgroesse-75ml","9":"first","10":"instock","11":"shipping-taxable","12":"purchasable","13":"product-type-simple"},"acf":[],"_links":{"self":[{"href":"https:\/\/www.ernstbrunn-apotheke.at\/katalog\/wp-json\/wp\/v2\/product\/75143","targetHints":{"allow":["GET"]}}],"collection":[{"href":"https:\/\/www.ernstbrunn-apotheke.at\/katalog\/wp-json\/wp\/v2\/product"}],"about":[{"href":"https:\/\/www.ernstbrunn-apotheke.at\/katalog\/wp-json\/wp\/v2\/types\/product"}],"wp:featuredmedia":[{"embeddable":true,"href":"https:\/\/www.ernstbrunn-apotheke.at\/katalog\/wp-json\/wp\/v2\/media\/75145"}],"wp:attachment":[{"href":"https:\/\/www.ernstbrunn-apotheke.at\/katalog\/wp-json\/wp\/v2\/media?parent=75143"}],"wp:term":[{"taxonomy":"product_brand","embeddable":true,"href":"https:\/\/www.ernstbrunn-apotheke.at\/katalog\/wp-json\/wp\/v2\/product_brand?post=75143"},{"taxonomy":"product_cat","embeddable":true,"href":"https:\/\/www.ernstbrunn-apotheke.at\/katalog\/wp-json\/wp\/v2\/product_cat?post=75143"},{"taxonomy":"product_tag","embeddable":true,"href":"https:\/\/www.ernstbrunn-apotheke.at\/katalog\/wp-json\/wp\/v2\/product_tag?post=75143"}],"curies":[{"name":"wp","href":"https:\/\/api.w.org\/{rel}","templated":true}]}}