{"id":75125,"date":"2025-11-11T21:05:52","date_gmt":"2025-11-11T20:05:52","guid":{"rendered":"https:\/\/www.ernstbrunn-apotheke.at\/katalog\/produkt\/dr-hauschka-gesichts-intensivkur-bis-zum-25ten-lebensjahr\/"},"modified":"2025-12-08T18:39:16","modified_gmt":"2025-12-08T17:39:16","slug":"dr-hauschka-gesichts-intensivkur-bis-zum-25ten-lebensjahr","status":"publish","type":"product","link":"https:\/\/www.ernstbrunn-apotheke.at\/katalog\/produkt\/dr-hauschka-gesichts-intensivkur-bis-zum-25ten-lebensjahr\/","title":{"rendered":"Dr. Hauschka GESICHTS INTENSIVKUR bis zum 25ten Lebensjahr"},"content":{"rendered":"<p>Dr. Hauschka Intensivkur jugendliche Haut erg\u00e4nzt die Basispflege. Sie unterst\u00fctzt die Haut, wenn sie aus dem Gleichgewicht geraten ist und einen normalisierenden Impuls ben\u00f6tigt. Die Komposition mit dem seltenen Edelstein  Schwarzer Turmalin, Mittagsblume, Wundklee, nat\u00fcrlicher Thermalsole und Rosenwasser harmonisiert die Haut. Die Intensivkur sensitiv st\u00e4rkt die Haut und hilft ihr, sich abzugrenzen.<\/p>\n","protected":false},"excerpt":{"rendered":"<p>Dr. Hauschka Intensivkur jugendliche Haut erg\u00e4nzt die Basispflege. Sie unterst\u00fctzt die Haut, wenn sie aus dem Gleichgewicht geraten ist und einen normalisierenden Impuls ben\u00f6tigt. Die Komposition mit dem seltenen Edelstein Schwarzer Turmalin, Mittagsblume, Wundklee, nat\u00fcrlicher Thermalsole und Rosenwasser harmonisiert die Haut. Die Intensivkur sensitiv st\u00e4rkt die Haut und hilft ihr, sich abzugrenzen.<\/p>\n","protected":false},"featured_media":75127,"template":"","meta":{"_acf_changed":false},"product_brand":[679],"product_cat":[792],"product_tag":[],"class_list":{"0":"post-75125","1":"product","2":"type-product","3":"status-publish","4":"has-post-thumbnail","6":"product_brand-dr-hauschka","7":"product_cat-d","8":"pa_packungsgroesse-40ml","10":"first","11":"instock","12":"shipping-taxable","13":"purchasable","14":"product-type-simple"},"acf":[],"_links":{"self":[{"href":"https:\/\/www.ernstbrunn-apotheke.at\/katalog\/wp-json\/wp\/v2\/product\/75125","targetHints":{"allow":["GET"]}}],"collection":[{"href":"https:\/\/www.ernstbrunn-apotheke.at\/katalog\/wp-json\/wp\/v2\/product"}],"about":[{"href":"https:\/\/www.ernstbrunn-apotheke.at\/katalog\/wp-json\/wp\/v2\/types\/product"}],"wp:featuredmedia":[{"embeddable":true,"href":"https:\/\/www.ernstbrunn-apotheke.at\/katalog\/wp-json\/wp\/v2\/media\/75127"}],"wp:attachment":[{"href":"https:\/\/www.ernstbrunn-apotheke.at\/katalog\/wp-json\/wp\/v2\/media?parent=75125"}],"wp:term":[{"taxonomy":"product_brand","embeddable":true,"href":"https:\/\/www.ernstbrunn-apotheke.at\/katalog\/wp-json\/wp\/v2\/product_brand?post=75125"},{"taxonomy":"product_cat","embeddable":true,"href":"https:\/\/www.ernstbrunn-apotheke.at\/katalog\/wp-json\/wp\/v2\/product_cat?post=75125"},{"taxonomy":"product_tag","embeddable":true,"href":"https:\/\/www.ernstbrunn-apotheke.at\/katalog\/wp-json\/wp\/v2\/product_tag?post=75125"}],"curies":[{"name":"wp","href":"https:\/\/api.w.org\/{rel}","templated":true}]}}