{"id":7510,"date":"2025-11-07T13:14:46","date_gmt":"2025-11-07T12:14:46","guid":{"rendered":"https:\/\/www.ernstbrunn-apotheke.at\/katalog\/produkt\/apocare-schlaf-wohl-dragees-erleichtern-ein-durchschlafen\/"},"modified":"2025-12-08T13:23:54","modified_gmt":"2025-12-08T12:23:54","slug":"apocare-schlaf-wohl-dragees-erleichtern-ein-durchschlafen","status":"publish","type":"product","link":"https:\/\/www.ernstbrunn-apotheke.at\/katalog\/produkt\/apocare-schlaf-wohl-dragees-erleichtern-ein-durchschlafen\/","title":{"rendered":"Apocare SCHLAF WOHL Dragees erleichtern Ein- &#038; Durchschlafen"},"content":{"rendered":"<p>SchlafWohl\u00a0ist ein Nahrungserg\u00e4nzungsmittel zur Erleichterung des Ein- und Durchschlafens und\u00a0der ideale Begleiter bei Langzeitfl\u00fcgen, bei Jetlag oder Schichtarbeit.\u00a0Es\u00a0kann ebenfalls bei stress- oder trauerbedingten\u00a0Schlafst\u00f6rungen\u00a0ohne Bedenken\u00a0eingenommen werden, da die einmalige Wirkstoffkombination aus pflanzlichen Stoffen keine Gew\u00f6hnungsgefahr birgt.<\/p>\n<p>&#13;<\/p>\n<p>\u00a0<\/p>\n<p>&#13;<\/p>\n<p><strong>Wirkung Melatonin<\/strong><\/p>\n<p>&#13;<\/p>\n<p>Melatonin als k\u00f6rpereigenes Hormon ist f\u00fcr den Tag-Nacht-Rhythmus im K\u00f6rper verantwortlich. Ist dieser Rhythmus\u00a0gest\u00f6rt, zum\u00a0Beispiel bei Fernreisen, kann uns ein Jetlag mitunter schwer einschlafen lassen. Zus\u00e4tzliches Melatonin in Form eines SchlafWohl-Dragees unterst\u00fctzt den K\u00f6rper und verk\u00fcrzt die Einschlafzeit.<\/p>\n","protected":false},"excerpt":{"rendered":"<p>SchlafWohl\u00a0ist ein Nahrungserg\u00e4nzungsmittel zur Erleichterung des Ein- und Durchschlafens und\u00a0der ideale Begleiter bei Langzeitfl\u00fcgen, bei Jetlag oder Schichtarbeit.\u00a0Es\u00a0kann ebenfalls bei stress- oder trauerbedingten\u00a0Schlafst\u00f6rungen\u00a0ohne Bedenken\u00a0eingenommen werden, da die einmalige Wirkstoffkombination aus pflanzlichen Stoffen keine Gew\u00f6hnungsgefahr birgt. &#13; \u00a0 &#13; Wirkung Melatonin &#13; Melatonin als k\u00f6rpereigenes Hormon ist f\u00fcr den Tag-Nacht-Rhythmus im K\u00f6rper verantwortlich. Ist dieser Rhythmus\u00a0gest\u00f6rt, [&hellip;]<\/p>\n","protected":false},"featured_media":7512,"template":"","meta":{"_acf_changed":false},"product_brand":[],"product_cat":[801],"product_tag":[],"class_list":{"0":"post-7510","1":"product","2":"type-product","3":"status-publish","4":"has-post-thumbnail","6":"product_cat-a","7":"pa_packungsgroesse-60-stueck","9":"first","10":"instock","11":"shipping-taxable","12":"purchasable","13":"product-type-simple"},"acf":[],"_links":{"self":[{"href":"https:\/\/www.ernstbrunn-apotheke.at\/katalog\/wp-json\/wp\/v2\/product\/7510","targetHints":{"allow":["GET"]}}],"collection":[{"href":"https:\/\/www.ernstbrunn-apotheke.at\/katalog\/wp-json\/wp\/v2\/product"}],"about":[{"href":"https:\/\/www.ernstbrunn-apotheke.at\/katalog\/wp-json\/wp\/v2\/types\/product"}],"wp:featuredmedia":[{"embeddable":true,"href":"https:\/\/www.ernstbrunn-apotheke.at\/katalog\/wp-json\/wp\/v2\/media\/7512"}],"wp:attachment":[{"href":"https:\/\/www.ernstbrunn-apotheke.at\/katalog\/wp-json\/wp\/v2\/media?parent=7510"}],"wp:term":[{"taxonomy":"product_brand","embeddable":true,"href":"https:\/\/www.ernstbrunn-apotheke.at\/katalog\/wp-json\/wp\/v2\/product_brand?post=7510"},{"taxonomy":"product_cat","embeddable":true,"href":"https:\/\/www.ernstbrunn-apotheke.at\/katalog\/wp-json\/wp\/v2\/product_cat?post=7510"},{"taxonomy":"product_tag","embeddable":true,"href":"https:\/\/www.ernstbrunn-apotheke.at\/katalog\/wp-json\/wp\/v2\/product_tag?post=7510"}],"curies":[{"name":"wp","href":"https:\/\/api.w.org\/{rel}","templated":true}]}}