{"id":75086,"date":"2025-11-11T21:05:06","date_gmt":"2025-11-11T20:05:06","guid":{"rendered":"https:\/\/www.ernstbrunn-apotheke.at\/katalog\/produkt\/moelnlycke-mesoft-vlieskompressen-75-x-75-cm-30x5-stk-150-stk\/"},"modified":"2025-12-08T18:39:02","modified_gmt":"2025-12-08T17:39:02","slug":"moelnlycke-mesoft-vlieskompressen-75-x-75-cm-30x5-stk-150-stk","status":"publish","type":"product","link":"https:\/\/www.ernstbrunn-apotheke.at\/katalog\/produkt\/moelnlycke-mesoft-vlieskompressen-75-x-75-cm-30x5-stk-150-stk\/","title":{"rendered":"M\u00f6lnlycke Mesoft Vlieskompressen 7,5 x 7,5 cm 30&#215;5 Stk. 150 Stk."},"content":{"rendered":"<p>M\u00f6lnlycke Mesoft Vlieskompressen 7,5 x 7,5 cm 30&#215;5 Stk. 150 Stk. zeichnen sich vor allem durch \u00fcberlegene Absoptionskapazit\u00e4t, Weichheit und geringe Faserfreisetzung aus. Eine geringe Partikelfreisetzung, Wirtschaftlichkeit als kosteng\u00fcnstige Alternativen zu den herk\u00f6mmlichen Baumwollgazeprodukten, Formbest\u00e4ndigkeit auch im Nasszustand und Weicheit z\u00e4hlen zu den Vorteilen von Mesosoft<\/p>\n","protected":false},"excerpt":{"rendered":"<p>M\u00f6lnlycke Mesoft Vlieskompressen 7,5 x 7,5 cm 30&#215;5 Stk. 150 Stk. zeichnen sich vor allem durch \u00fcberlegene Absoptionskapazit\u00e4t, Weichheit und geringe Faserfreisetzung aus. Eine geringe Partikelfreisetzung, Wirtschaftlichkeit als kosteng\u00fcnstige Alternativen zu den herk\u00f6mmlichen Baumwollgazeprodukten, Formbest\u00e4ndigkeit auch im Nasszustand und Weicheit z\u00e4hlen zu den Vorteilen von Mesosoft<\/p>\n","protected":false},"featured_media":75088,"template":"","meta":{"_acf_changed":false},"product_brand":[],"product_cat":[800],"product_tag":[],"class_list":{"0":"post-75086","1":"product","2":"type-product","3":"status-publish","4":"has-post-thumbnail","6":"product_cat-m","7":"pa_packungsgroesse-150-stueck","9":"first","10":"instock","11":"shipping-taxable","12":"purchasable","13":"product-type-simple"},"acf":[],"_links":{"self":[{"href":"https:\/\/www.ernstbrunn-apotheke.at\/katalog\/wp-json\/wp\/v2\/product\/75086","targetHints":{"allow":["GET"]}}],"collection":[{"href":"https:\/\/www.ernstbrunn-apotheke.at\/katalog\/wp-json\/wp\/v2\/product"}],"about":[{"href":"https:\/\/www.ernstbrunn-apotheke.at\/katalog\/wp-json\/wp\/v2\/types\/product"}],"wp:featuredmedia":[{"embeddable":true,"href":"https:\/\/www.ernstbrunn-apotheke.at\/katalog\/wp-json\/wp\/v2\/media\/75088"}],"wp:attachment":[{"href":"https:\/\/www.ernstbrunn-apotheke.at\/katalog\/wp-json\/wp\/v2\/media?parent=75086"}],"wp:term":[{"taxonomy":"product_brand","embeddable":true,"href":"https:\/\/www.ernstbrunn-apotheke.at\/katalog\/wp-json\/wp\/v2\/product_brand?post=75086"},{"taxonomy":"product_cat","embeddable":true,"href":"https:\/\/www.ernstbrunn-apotheke.at\/katalog\/wp-json\/wp\/v2\/product_cat?post=75086"},{"taxonomy":"product_tag","embeddable":true,"href":"https:\/\/www.ernstbrunn-apotheke.at\/katalog\/wp-json\/wp\/v2\/product_tag?post=75086"}],"curies":[{"name":"wp","href":"https:\/\/api.w.org\/{rel}","templated":true}]}}