{"id":7504,"date":"2025-11-07T13:14:46","date_gmt":"2025-11-07T12:14:46","guid":{"rendered":"https:\/\/www.ernstbrunn-apotheke.at\/katalog\/produkt\/hova-filmtabletten-mit-baldrian-hopfen-gebro\/"},"modified":"2025-12-08T13:23:51","modified_gmt":"2025-12-08T12:23:51","slug":"hova-filmtabletten-mit-baldrian-hopfen-gebro","status":"publish","type":"product","link":"https:\/\/www.ernstbrunn-apotheke.at\/katalog\/produkt\/hova-filmtabletten-mit-baldrian-hopfen-gebro\/","title":{"rendered":"HOVA Filmtabletten mit Baldrian &#038; Hopfen Gebro"},"content":{"rendered":"<p>Hova\u00ae wirkt beruhigend und entspannend auf den gesamten Organismus. Die Filmtabletten aus Hopfen- und Baldrianextrakten werden zur nat\u00fcrlichen Behandlung von Nervosit\u00e4t und nerv\u00f6s bedingten Schlafst\u00f6rungen angewendet.<\/p>\n","protected":false},"excerpt":{"rendered":"<p>Hova\u00ae wirkt beruhigend und entspannend auf den gesamten Organismus. Die Filmtabletten aus Hopfen- und Baldrianextrakten werden zur nat\u00fcrlichen Behandlung von Nervosit\u00e4t und nerv\u00f6s bedingten Schlafst\u00f6rungen angewendet.<\/p>\n","protected":false},"featured_media":7349,"template":"","meta":{"_acf_changed":false},"product_brand":[],"product_cat":[805],"product_tag":[],"class_list":{"0":"post-7504","1":"product","2":"type-product","3":"status-publish","4":"has-post-thumbnail","6":"product_cat-h","7":"pa_packungsgroesse-30-stueck","8":"pa_packungsgroesse-60-stueck","10":"first","11":"instock","12":"shipping-taxable","13":"purchasable","14":"product-type-simple"},"acf":[],"_links":{"self":[{"href":"https:\/\/www.ernstbrunn-apotheke.at\/katalog\/wp-json\/wp\/v2\/product\/7504","targetHints":{"allow":["GET"]}}],"collection":[{"href":"https:\/\/www.ernstbrunn-apotheke.at\/katalog\/wp-json\/wp\/v2\/product"}],"about":[{"href":"https:\/\/www.ernstbrunn-apotheke.at\/katalog\/wp-json\/wp\/v2\/types\/product"}],"wp:featuredmedia":[{"embeddable":true,"href":"https:\/\/www.ernstbrunn-apotheke.at\/katalog\/wp-json\/wp\/v2\/media\/7349"}],"wp:attachment":[{"href":"https:\/\/www.ernstbrunn-apotheke.at\/katalog\/wp-json\/wp\/v2\/media?parent=7504"}],"wp:term":[{"taxonomy":"product_brand","embeddable":true,"href":"https:\/\/www.ernstbrunn-apotheke.at\/katalog\/wp-json\/wp\/v2\/product_brand?post=7504"},{"taxonomy":"product_cat","embeddable":true,"href":"https:\/\/www.ernstbrunn-apotheke.at\/katalog\/wp-json\/wp\/v2\/product_cat?post=7504"},{"taxonomy":"product_tag","embeddable":true,"href":"https:\/\/www.ernstbrunn-apotheke.at\/katalog\/wp-json\/wp\/v2\/product_tag?post=7504"}],"curies":[{"name":"wp","href":"https:\/\/api.w.org\/{rel}","templated":true}]}}