{"id":7498,"date":"2025-11-07T13:14:46","date_gmt":"2025-11-07T12:14:46","guid":{"rendered":"https:\/\/www.ernstbrunn-apotheke.at\/katalog\/produkt\/dr-schreibers-erholsamer-schlaf-kapseln-fuer-frauen-in-der-lebensmitte\/"},"modified":"2025-12-08T13:23:49","modified_gmt":"2025-12-08T12:23:49","slug":"dr-schreibers-erholsamer-schlaf-kapseln-fuer-frauen-in-der-lebensmitte","status":"publish","type":"product","link":"https:\/\/www.ernstbrunn-apotheke.at\/katalog\/produkt\/dr-schreibers-erholsamer-schlaf-kapseln-fuer-frauen-in-der-lebensmitte\/","title":{"rendered":"Dr. Schreibers ERHOLSAMER SCHLAF Kapseln f\u00fcr Frauen in der Lebensmitte"},"content":{"rendered":"<p>Dr. Schreibers Erholsamer Schlaf bietet nat\u00fcrliche Unterst\u00fctzung f\u00fcr einen erholsamen Schlaf, speziell f\u00fcr Frauen in der Lebensmitte. Die Kapseln helfen durch ihre hochwertige Kombination an nat\u00fcrlichen und pflanzlichen Inhaltsstoffen entspannt einzuschlafen, gut durchzuschlafen und erholt aufzuwachen.<\/p>\n","protected":false},"excerpt":{"rendered":"<p>Dr. Schreibers Erholsamer Schlaf bietet nat\u00fcrliche Unterst\u00fctzung f\u00fcr einen erholsamen Schlaf, speziell f\u00fcr Frauen in der Lebensmitte. Die Kapseln helfen durch ihre hochwertige Kombination an nat\u00fcrlichen und pflanzlichen Inhaltsstoffen entspannt einzuschlafen, gut durchzuschlafen und erholt aufzuwachen.<\/p>\n","protected":false},"featured_media":7319,"template":"","meta":{"_acf_changed":false},"product_brand":[380],"product_cat":[792],"product_tag":[],"class_list":{"0":"post-7498","1":"product","2":"type-product","3":"status-publish","4":"has-post-thumbnail","6":"product_brand-dr-schreibers","7":"product_cat-d","8":"pa_packungsgroesse-30-stueck","10":"first","11":"instock","12":"shipping-taxable","13":"purchasable","14":"product-type-simple"},"acf":[],"_links":{"self":[{"href":"https:\/\/www.ernstbrunn-apotheke.at\/katalog\/wp-json\/wp\/v2\/product\/7498","targetHints":{"allow":["GET"]}}],"collection":[{"href":"https:\/\/www.ernstbrunn-apotheke.at\/katalog\/wp-json\/wp\/v2\/product"}],"about":[{"href":"https:\/\/www.ernstbrunn-apotheke.at\/katalog\/wp-json\/wp\/v2\/types\/product"}],"wp:featuredmedia":[{"embeddable":true,"href":"https:\/\/www.ernstbrunn-apotheke.at\/katalog\/wp-json\/wp\/v2\/media\/7319"}],"wp:attachment":[{"href":"https:\/\/www.ernstbrunn-apotheke.at\/katalog\/wp-json\/wp\/v2\/media?parent=7498"}],"wp:term":[{"taxonomy":"product_brand","embeddable":true,"href":"https:\/\/www.ernstbrunn-apotheke.at\/katalog\/wp-json\/wp\/v2\/product_brand?post=7498"},{"taxonomy":"product_cat","embeddable":true,"href":"https:\/\/www.ernstbrunn-apotheke.at\/katalog\/wp-json\/wp\/v2\/product_cat?post=7498"},{"taxonomy":"product_tag","embeddable":true,"href":"https:\/\/www.ernstbrunn-apotheke.at\/katalog\/wp-json\/wp\/v2\/product_tag?post=7498"}],"curies":[{"name":"wp","href":"https:\/\/api.w.org\/{rel}","templated":true}]}}