{"id":74928,"date":"2025-11-11T21:01:40","date_gmt":"2025-11-11T20:01:40","guid":{"rendered":"https:\/\/www.ernstbrunn-apotheke.at\/katalog\/produkt\/bioderma-node-ds-anti-schuppen-shampoo-125-ml\/"},"modified":"2025-12-08T18:38:07","modified_gmt":"2025-12-08T17:38:07","slug":"bioderma-node-ds-anti-schuppen-shampoo-125-ml","status":"publish","type":"product","link":"https:\/\/www.ernstbrunn-apotheke.at\/katalog\/produkt\/bioderma-node-ds-anti-schuppen-shampoo-125-ml\/","title":{"rendered":"Bioderma Nod\u00e9 DS+ Anti-Schuppen-Shampoo 125 ml"},"content":{"rendered":"<p>Bioderma Nod\u00e9 DS+ Anti-Schuppen-Shampoo 125 ml. Anti-R\u00fcckfall-Wirkung dank patentiertem Dsaktiv\u00ae-Komplex. L\u00f6st und entfernt selbst hartn\u00e4ckige Schuppen. Beruhigt die Kopfhaut und lindert den Juckreiz. Beseitigt sofort Schuppen und wirkt deren Neuentstehung entgegen. Beruhigt die Kopfhaut, lindert Juckreiz und Entz\u00fcndungen. Ohne Parabene. Dezenter Duft.<\/p>\n","protected":false},"excerpt":{"rendered":"<p>Bioderma Nod\u00e9 DS+ Anti-Schuppen-Shampoo 125 ml. Anti-R\u00fcckfall-Wirkung dank patentiertem Dsaktiv\u00ae-Komplex. L\u00f6st und entfernt selbst hartn\u00e4ckige Schuppen. Beruhigt die Kopfhaut und lindert den Juckreiz. Beseitigt sofort Schuppen und wirkt deren Neuentstehung entgegen. Beruhigt die Kopfhaut, lindert Juckreiz und Entz\u00fcndungen. Ohne Parabene. Dezenter Duft.<\/p>\n","protected":false},"featured_media":74930,"template":"","meta":{"_acf_changed":false},"product_brand":[657],"product_cat":[802],"product_tag":[],"class_list":{"0":"post-74928","1":"product","2":"type-product","3":"status-publish","4":"has-post-thumbnail","6":"product_brand-bioderma","7":"product_cat-b","8":"pa_packungsgroesse-125ml","10":"first","11":"instock","12":"shipping-taxable","13":"purchasable","14":"product-type-simple"},"acf":[],"_links":{"self":[{"href":"https:\/\/www.ernstbrunn-apotheke.at\/katalog\/wp-json\/wp\/v2\/product\/74928","targetHints":{"allow":["GET"]}}],"collection":[{"href":"https:\/\/www.ernstbrunn-apotheke.at\/katalog\/wp-json\/wp\/v2\/product"}],"about":[{"href":"https:\/\/www.ernstbrunn-apotheke.at\/katalog\/wp-json\/wp\/v2\/types\/product"}],"wp:featuredmedia":[{"embeddable":true,"href":"https:\/\/www.ernstbrunn-apotheke.at\/katalog\/wp-json\/wp\/v2\/media\/74930"}],"wp:attachment":[{"href":"https:\/\/www.ernstbrunn-apotheke.at\/katalog\/wp-json\/wp\/v2\/media?parent=74928"}],"wp:term":[{"taxonomy":"product_brand","embeddable":true,"href":"https:\/\/www.ernstbrunn-apotheke.at\/katalog\/wp-json\/wp\/v2\/product_brand?post=74928"},{"taxonomy":"product_cat","embeddable":true,"href":"https:\/\/www.ernstbrunn-apotheke.at\/katalog\/wp-json\/wp\/v2\/product_cat?post=74928"},{"taxonomy":"product_tag","embeddable":true,"href":"https:\/\/www.ernstbrunn-apotheke.at\/katalog\/wp-json\/wp\/v2\/product_tag?post=74928"}],"curies":[{"name":"wp","href":"https:\/\/api.w.org\/{rel}","templated":true}]}}