{"id":7492,"date":"2025-11-07T13:14:46","date_gmt":"2025-11-07T12:14:46","guid":{"rendered":"https:\/\/www.ernstbrunn-apotheke.at\/katalog\/produkt\/pfizer-baldriparan-nacht-ueberzogene-tabletten-trockenextrakt-30-stk\/"},"modified":"2025-12-08T13:23:47","modified_gmt":"2025-12-08T12:23:47","slug":"pfizer-baldriparan-nacht-ueberzogene-tabletten-trockenextrakt-30-stk","status":"publish","type":"product","link":"https:\/\/www.ernstbrunn-apotheke.at\/katalog\/produkt\/pfizer-baldriparan-nacht-ueberzogene-tabletten-trockenextrakt-30-stk\/","title":{"rendered":"Pfizer BALDRIPARAN NACHT \u00fcberzogene Tabletten &#8211; Trockenextrakt &#8211; 30 Stk"},"content":{"rendered":"<p>Baldriparan f\u00fcr die Nacht ist ein pflanzliches Arzneimittel das einen Trockenextrakt aus Baldrianwurzel enth\u00e4lt. Dieses Arzneimittel wird zur Linderung von Schlafst\u00f6rungen bei Erwachsenen und Jugendlichen ab 12 Jahren angewendet &#8211; jetzt online bestellen und wieder durchschlafen!<\/p>\n","protected":false},"excerpt":{"rendered":"<p>Baldriparan f\u00fcr die Nacht ist ein pflanzliches Arzneimittel das einen Trockenextrakt aus Baldrianwurzel enth\u00e4lt. Dieses Arzneimittel wird zur Linderung von Schlafst\u00f6rungen bei Erwachsenen und Jugendlichen ab 12 Jahren angewendet &#8211; jetzt online bestellen und wieder durchschlafen!<\/p>\n","protected":false},"featured_media":7289,"template":"","meta":{"_acf_changed":false},"product_brand":[],"product_cat":[793],"product_tag":[],"class_list":{"0":"post-7492","1":"product","2":"type-product","3":"status-publish","4":"has-post-thumbnail","6":"product_cat-p","7":"pa_packungsgroesse-30-stueck","9":"first","10":"instock","11":"shipping-taxable","12":"purchasable","13":"product-type-simple"},"acf":[],"_links":{"self":[{"href":"https:\/\/www.ernstbrunn-apotheke.at\/katalog\/wp-json\/wp\/v2\/product\/7492","targetHints":{"allow":["GET"]}}],"collection":[{"href":"https:\/\/www.ernstbrunn-apotheke.at\/katalog\/wp-json\/wp\/v2\/product"}],"about":[{"href":"https:\/\/www.ernstbrunn-apotheke.at\/katalog\/wp-json\/wp\/v2\/types\/product"}],"wp:featuredmedia":[{"embeddable":true,"href":"https:\/\/www.ernstbrunn-apotheke.at\/katalog\/wp-json\/wp\/v2\/media\/7289"}],"wp:attachment":[{"href":"https:\/\/www.ernstbrunn-apotheke.at\/katalog\/wp-json\/wp\/v2\/media?parent=7492"}],"wp:term":[{"taxonomy":"product_brand","embeddable":true,"href":"https:\/\/www.ernstbrunn-apotheke.at\/katalog\/wp-json\/wp\/v2\/product_brand?post=7492"},{"taxonomy":"product_cat","embeddable":true,"href":"https:\/\/www.ernstbrunn-apotheke.at\/katalog\/wp-json\/wp\/v2\/product_cat?post=7492"},{"taxonomy":"product_tag","embeddable":true,"href":"https:\/\/www.ernstbrunn-apotheke.at\/katalog\/wp-json\/wp\/v2\/product_tag?post=7492"}],"curies":[{"name":"wp","href":"https:\/\/api.w.org\/{rel}","templated":true}]}}