{"id":74907,"date":"2025-11-11T21:01:40","date_gmt":"2025-11-11T20:01:40","guid":{"rendered":"https:\/\/www.ernstbrunn-apotheke.at\/katalog\/produkt\/neutrogena-hydro-boost-aqua-reinigungstuecher-25-stk\/"},"modified":"2025-12-08T18:38:00","modified_gmt":"2025-12-08T17:38:00","slug":"neutrogena-hydro-boost-aqua-reinigungstuecher-25-stk","status":"publish","type":"product","link":"https:\/\/www.ernstbrunn-apotheke.at\/katalog\/produkt\/neutrogena-hydro-boost-aqua-reinigungstuecher-25-stk\/","title":{"rendered":"Neutrogena Hydro Boost Aqua Reinigungst\u00fccher 25 Stk."},"content":{"rendered":"<p>Die Neutrogena Hydro Boost Aqua Reinigungst\u00fccher reinigen die Haut gr\u00fcndlich von Unreinheiten und entfernen selbst wasserfestes Make-Up. Getr\u00e4nkt mit erfrischender Reinigungslotion versorgen sie die Haut gleichzeitig intensiv mit Feuchtigkeit, sorgen f\u00fcr einen erfrischten und reinen Teint und hinterlassen noch dazu ein sp\u00fcrbar geschmeidiges Hautgef\u00fchl.  Au\u00dferdem eignet sich das Produkt auch f\u00fcr empfindliche Haut<\/p>\n","protected":false},"excerpt":{"rendered":"<p>Die Neutrogena Hydro Boost Aqua Reinigungst\u00fccher reinigen die Haut gr\u00fcndlich von Unreinheiten und entfernen selbst wasserfestes Make-Up. Getr\u00e4nkt mit erfrischender Reinigungslotion versorgen sie die Haut gleichzeitig intensiv mit Feuchtigkeit, sorgen f\u00fcr einen erfrischten und reinen Teint und hinterlassen noch dazu ein sp\u00fcrbar geschmeidiges Hautgef\u00fchl. Au\u00dferdem eignet sich das Produkt auch f\u00fcr empfindliche Haut<\/p>\n","protected":false},"featured_media":74909,"template":"","meta":{"_acf_changed":false},"product_brand":[745],"product_cat":[797],"product_tag":[],"class_list":{"0":"post-74907","1":"product","2":"type-product","3":"status-publish","4":"has-post-thumbnail","6":"product_brand-neutrogena","7":"product_cat-n","8":"pa_packungsgroesse-25-stueck","10":"first","11":"instock","12":"shipping-taxable","13":"purchasable","14":"product-type-simple"},"acf":[],"_links":{"self":[{"href":"https:\/\/www.ernstbrunn-apotheke.at\/katalog\/wp-json\/wp\/v2\/product\/74907","targetHints":{"allow":["GET"]}}],"collection":[{"href":"https:\/\/www.ernstbrunn-apotheke.at\/katalog\/wp-json\/wp\/v2\/product"}],"about":[{"href":"https:\/\/www.ernstbrunn-apotheke.at\/katalog\/wp-json\/wp\/v2\/types\/product"}],"wp:featuredmedia":[{"embeddable":true,"href":"https:\/\/www.ernstbrunn-apotheke.at\/katalog\/wp-json\/wp\/v2\/media\/74909"}],"wp:attachment":[{"href":"https:\/\/www.ernstbrunn-apotheke.at\/katalog\/wp-json\/wp\/v2\/media?parent=74907"}],"wp:term":[{"taxonomy":"product_brand","embeddable":true,"href":"https:\/\/www.ernstbrunn-apotheke.at\/katalog\/wp-json\/wp\/v2\/product_brand?post=74907"},{"taxonomy":"product_cat","embeddable":true,"href":"https:\/\/www.ernstbrunn-apotheke.at\/katalog\/wp-json\/wp\/v2\/product_cat?post=74907"},{"taxonomy":"product_tag","embeddable":true,"href":"https:\/\/www.ernstbrunn-apotheke.at\/katalog\/wp-json\/wp\/v2\/product_tag?post=74907"}],"curies":[{"name":"wp","href":"https:\/\/api.w.org\/{rel}","templated":true}]}}