{"id":7488,"date":"2025-11-07T13:14:09","date_gmt":"2025-11-07T12:14:09","guid":{"rendered":"https:\/\/www.ernstbrunn-apotheke.at\/katalog\/produkt\/easysleep-filmtabletten-verkuerzt-die-einschlafzeit\/"},"modified":"2025-12-08T13:23:45","modified_gmt":"2025-12-08T12:23:45","slug":"easysleep-filmtabletten-verkuerzt-die-einschlafzeit","status":"publish","type":"product","link":"https:\/\/www.ernstbrunn-apotheke.at\/katalog\/produkt\/easysleep-filmtabletten-verkuerzt-die-einschlafzeit\/","title":{"rendered":"Easysleep FILMTABLETTEN verk\u00fcrzt die Einschlafzeit"},"content":{"rendered":"<p>easysleep ist ein innovatives Nahrungserg\u00e4nzungsmittel, das drei spezifische Inhaltstoffe zur Anwendung bei Schlafst\u00f6rungen enth\u00e4lt. Das Produkt verk\u00fcrzt durch seine Inhaltsstoffe die Einschlafzeit und tr\u00e4gt zu einem entspannten und ruhigen Schlaf bei.<\/p>\n","protected":false},"excerpt":{"rendered":"<p>easysleep ist ein innovatives Nahrungserg\u00e4nzungsmittel, das drei spezifische Inhaltstoffe zur Anwendung bei Schlafst\u00f6rungen enth\u00e4lt. Das Produkt verk\u00fcrzt durch seine Inhaltsstoffe die Einschlafzeit und tr\u00e4gt zu einem entspannten und ruhigen Schlaf bei.<\/p>\n","protected":false},"featured_media":7275,"template":"","meta":{"_acf_changed":false},"product_brand":[367],"product_cat":[794],"product_tag":[],"class_list":{"0":"post-7488","1":"product","2":"type-product","3":"status-publish","4":"has-post-thumbnail","6":"product_brand-easypharm","7":"product_cat-e","8":"pa_geschmack-vanille","9":"pa_packungsgroesse-30-stueck","11":"first","12":"instock","13":"shipping-taxable","14":"purchasable","15":"product-type-simple"},"acf":[],"_links":{"self":[{"href":"https:\/\/www.ernstbrunn-apotheke.at\/katalog\/wp-json\/wp\/v2\/product\/7488","targetHints":{"allow":["GET"]}}],"collection":[{"href":"https:\/\/www.ernstbrunn-apotheke.at\/katalog\/wp-json\/wp\/v2\/product"}],"about":[{"href":"https:\/\/www.ernstbrunn-apotheke.at\/katalog\/wp-json\/wp\/v2\/types\/product"}],"wp:featuredmedia":[{"embeddable":true,"href":"https:\/\/www.ernstbrunn-apotheke.at\/katalog\/wp-json\/wp\/v2\/media\/7275"}],"wp:attachment":[{"href":"https:\/\/www.ernstbrunn-apotheke.at\/katalog\/wp-json\/wp\/v2\/media?parent=7488"}],"wp:term":[{"taxonomy":"product_brand","embeddable":true,"href":"https:\/\/www.ernstbrunn-apotheke.at\/katalog\/wp-json\/wp\/v2\/product_brand?post=7488"},{"taxonomy":"product_cat","embeddable":true,"href":"https:\/\/www.ernstbrunn-apotheke.at\/katalog\/wp-json\/wp\/v2\/product_cat?post=7488"},{"taxonomy":"product_tag","embeddable":true,"href":"https:\/\/www.ernstbrunn-apotheke.at\/katalog\/wp-json\/wp\/v2\/product_tag?post=7488"}],"curies":[{"name":"wp","href":"https:\/\/api.w.org\/{rel}","templated":true}]}}