{"id":7485,"date":"2025-11-07T13:14:09","date_gmt":"2025-11-07T12:14:09","guid":{"rendered":"https:\/\/www.ernstbrunn-apotheke.at\/katalog\/produkt\/figurreform-burnout-stop-kapseln-bei-geistiger-emotionaler-erschoepfung\/"},"modified":"2025-12-08T13:23:44","modified_gmt":"2025-12-08T12:23:44","slug":"figurreform-burnout-stop-kapseln-bei-geistiger-emotionaler-erschoepfung","status":"publish","type":"product","link":"https:\/\/www.ernstbrunn-apotheke.at\/katalog\/produkt\/figurreform-burnout-stop-kapseln-bei-geistiger-emotionaler-erschoepfung\/","title":{"rendered":"Figurreform BURNOUT STOP Kapseln bei geistiger &#038; emotionaler Ersch\u00f6pfung"},"content":{"rendered":"<p>Figureform Burnout Stop Kapseln zur di\u00e4tetischen Behandlung von Burnout Syndrom. Sie f\u00f6rdern einen erholsamen Schlaf, steigern die Gelassenheit, innere Ruhe und die allgemeine Lebensfreude.Der Begriff Burnout beschreibt einen andauernden Zustand geistiger und emotionaler Ersch\u00f6pfung, der im totalen Zusammenbruch enden kann. Bereits im Vorfeld machen sich Anzeichen, wie Konzentrations- und Ged\u00e4chtnisst\u00f6rungen, ged\u00e4mpfte Stimmung bis hin zur Depression oder sich in Aggression \u00e4u\u00dfernd, Apathie und Antriebslosigkeit, verminderter Appetit, Libidoverlust, Schlafst\u00f6rungen bis hin zu Angst- und Panikattacken bemerkbar, die sehr ernst genommen werden sollten.Auch psychosomatische Erkrankungen und erh\u00f6hte Suchtneigung k\u00f6nnen Vorboten f\u00fcr das Burnout sein. Es handelt sich beim Burnout l\u00e4ngst um keine Managerkrankheit mehr. So kann jeder betroffen sein, der l\u00e4ngere Zeit gro\u00dfem Stress und Belastungen ausgesetzt ist.Die Figureform\u00ae Burnout Stop Kapseln bieten Ihnen eine optimale nebenwirkungsfreie und individuell dosierbare M\u00f6glichkeit Ihrem Leben wieder allgemeine Lebensfreude, K\u00f6rpergef\u00fchl und Energie zur\u00fcckzugeben..<\/p>\n","protected":false},"excerpt":{"rendered":"<p>Figureform Burnout Stop Kapseln zur di\u00e4tetischen Behandlung von Burnout Syndrom. Sie f\u00f6rdern einen erholsamen Schlaf, steigern die Gelassenheit, innere Ruhe und die allgemeine Lebensfreude.Der Begriff Burnout beschreibt einen andauernden Zustand geistiger und emotionaler Ersch\u00f6pfung, der im totalen Zusammenbruch enden kann. Bereits im Vorfeld machen sich Anzeichen, wie Konzentrations- und Ged\u00e4chtnisst\u00f6rungen, ged\u00e4mpfte Stimmung bis hin zur [&hellip;]<\/p>\n","protected":false},"featured_media":7263,"template":"","meta":{"_acf_changed":false},"product_brand":[],"product_cat":[809],"product_tag":[],"class_list":{"0":"post-7485","1":"product","2":"type-product","3":"status-publish","4":"has-post-thumbnail","6":"product_cat-f","7":"pa_packungsgroesse-90-stueck","9":"first","10":"instock","11":"shipping-taxable","12":"purchasable","13":"product-type-simple"},"acf":[],"_links":{"self":[{"href":"https:\/\/www.ernstbrunn-apotheke.at\/katalog\/wp-json\/wp\/v2\/product\/7485","targetHints":{"allow":["GET"]}}],"collection":[{"href":"https:\/\/www.ernstbrunn-apotheke.at\/katalog\/wp-json\/wp\/v2\/product"}],"about":[{"href":"https:\/\/www.ernstbrunn-apotheke.at\/katalog\/wp-json\/wp\/v2\/types\/product"}],"wp:featuredmedia":[{"embeddable":true,"href":"https:\/\/www.ernstbrunn-apotheke.at\/katalog\/wp-json\/wp\/v2\/media\/7263"}],"wp:attachment":[{"href":"https:\/\/www.ernstbrunn-apotheke.at\/katalog\/wp-json\/wp\/v2\/media?parent=7485"}],"wp:term":[{"taxonomy":"product_brand","embeddable":true,"href":"https:\/\/www.ernstbrunn-apotheke.at\/katalog\/wp-json\/wp\/v2\/product_brand?post=7485"},{"taxonomy":"product_cat","embeddable":true,"href":"https:\/\/www.ernstbrunn-apotheke.at\/katalog\/wp-json\/wp\/v2\/product_cat?post=7485"},{"taxonomy":"product_tag","embeddable":true,"href":"https:\/\/www.ernstbrunn-apotheke.at\/katalog\/wp-json\/wp\/v2\/product_tag?post=7485"}],"curies":[{"name":"wp","href":"https:\/\/api.w.org\/{rel}","templated":true}]}}