{"id":74832,"date":"2025-11-11T20:59:59","date_gmt":"2025-11-11T19:59:59","guid":{"rendered":"https:\/\/www.ernstbrunn-apotheke.at\/katalog\/produkt\/espara-vitamin-d-tropfen-vegan-15-ml\/"},"modified":"2025-12-08T18:37:31","modified_gmt":"2025-12-08T17:37:31","slug":"espara-vitamin-d-tropfen-vegan-15-ml","status":"publish","type":"product","link":"https:\/\/www.ernstbrunn-apotheke.at\/katalog\/produkt\/espara-vitamin-d-tropfen-vegan-15-ml\/","title":{"rendered":"Espara Vitamin D Tropfen Vegan 15 ml"},"content":{"rendered":"<p>Espara entwickelt und vertreibt Pr\u00e4parate mit Vitaminen, Mineralstoffen, Pflanzenwirkstoffen und anderen Mikron\u00e4hrstoffen.Espara ist ein \u00f6sterreichisches Unternehmen mit Sitz in Salzburg. Gegr\u00fcndet wurde es 1996 von Franz Pointner, der Espara auch heute noch leitet. Der Kaufmann handelt bereits seit 1986 mit Nahrungserg\u00e4nzungsmitteln<\/p>\n","protected":false},"excerpt":{"rendered":"<p>Espara entwickelt und vertreibt Pr\u00e4parate mit Vitaminen, Mineralstoffen, Pflanzenwirkstoffen und anderen Mikron\u00e4hrstoffen.Espara ist ein \u00f6sterreichisches Unternehmen mit Sitz in Salzburg. Gegr\u00fcndet wurde es 1996 von Franz Pointner, der Espara auch heute noch leitet. Der Kaufmann handelt bereits seit 1986 mit Nahrungserg\u00e4nzungsmitteln<\/p>\n","protected":false},"featured_media":74834,"template":"","meta":{"_acf_changed":false},"product_brand":[383],"product_cat":[794],"product_tag":[],"class_list":{"0":"post-74832","1":"product","2":"type-product","3":"status-publish","4":"has-post-thumbnail","6":"product_brand-espara","7":"product_cat-e","8":"pa_packungsgroesse-15ml","10":"first","11":"instock","12":"shipping-taxable","13":"purchasable","14":"product-type-simple"},"acf":[],"_links":{"self":[{"href":"https:\/\/www.ernstbrunn-apotheke.at\/katalog\/wp-json\/wp\/v2\/product\/74832","targetHints":{"allow":["GET"]}}],"collection":[{"href":"https:\/\/www.ernstbrunn-apotheke.at\/katalog\/wp-json\/wp\/v2\/product"}],"about":[{"href":"https:\/\/www.ernstbrunn-apotheke.at\/katalog\/wp-json\/wp\/v2\/types\/product"}],"wp:featuredmedia":[{"embeddable":true,"href":"https:\/\/www.ernstbrunn-apotheke.at\/katalog\/wp-json\/wp\/v2\/media\/74834"}],"wp:attachment":[{"href":"https:\/\/www.ernstbrunn-apotheke.at\/katalog\/wp-json\/wp\/v2\/media?parent=74832"}],"wp:term":[{"taxonomy":"product_brand","embeddable":true,"href":"https:\/\/www.ernstbrunn-apotheke.at\/katalog\/wp-json\/wp\/v2\/product_brand?post=74832"},{"taxonomy":"product_cat","embeddable":true,"href":"https:\/\/www.ernstbrunn-apotheke.at\/katalog\/wp-json\/wp\/v2\/product_cat?post=74832"},{"taxonomy":"product_tag","embeddable":true,"href":"https:\/\/www.ernstbrunn-apotheke.at\/katalog\/wp-json\/wp\/v2\/product_tag?post=74832"}],"curies":[{"name":"wp","href":"https:\/\/api.w.org\/{rel}","templated":true}]}}