{"id":74787,"date":"2025-11-11T20:58:31","date_gmt":"2025-11-11T19:58:31","guid":{"rendered":"https:\/\/www.ernstbrunn-apotheke.at\/katalog\/produkt\/oral-b-3d-white-floss-35-m\/"},"modified":"2025-12-08T18:37:14","modified_gmt":"2025-12-08T17:37:14","slug":"oral-b-3d-white-floss-35-m","status":"publish","type":"product","link":"https:\/\/www.ernstbrunn-apotheke.at\/katalog\/produkt\/oral-b-3d-white-floss-35-m\/","title":{"rendered":"Oral B 3D White Floss 35 M"},"content":{"rendered":"<p>Die Oral-B 3D White Floss ist eine aufhellende Zahnseide mit einer d\u00fcnnen Wachsschicht und rei\u00dffesten Fasern. Durch das Wachs gleitet sie ganz leicht zwischen den Z\u00e4hnen entlang und gelangt sogar unter den Zahnfleischrand<\/p>\n","protected":false},"excerpt":{"rendered":"<p>Die Oral-B 3D White Floss ist eine aufhellende Zahnseide mit einer d\u00fcnnen Wachsschicht und rei\u00dffesten Fasern. Durch das Wachs gleitet sie ganz leicht zwischen den Z\u00e4hnen entlang und gelangt sogar unter den Zahnfleischrand<\/p>\n","protected":false},"featured_media":0,"template":"","meta":{"_acf_changed":false},"product_brand":[879],"product_cat":[819],"product_tag":[],"class_list":{"0":"post-74787","1":"product","2":"type-product","3":"status-publish","5":"product_brand-oral-b","6":"product_cat-o","7":"pa_packungsgroesse-1267","9":"first","10":"instock","11":"shipping-taxable","12":"purchasable","13":"product-type-simple"},"acf":[],"_links":{"self":[{"href":"https:\/\/www.ernstbrunn-apotheke.at\/katalog\/wp-json\/wp\/v2\/product\/74787","targetHints":{"allow":["GET"]}}],"collection":[{"href":"https:\/\/www.ernstbrunn-apotheke.at\/katalog\/wp-json\/wp\/v2\/product"}],"about":[{"href":"https:\/\/www.ernstbrunn-apotheke.at\/katalog\/wp-json\/wp\/v2\/types\/product"}],"wp:attachment":[{"href":"https:\/\/www.ernstbrunn-apotheke.at\/katalog\/wp-json\/wp\/v2\/media?parent=74787"}],"wp:term":[{"taxonomy":"product_brand","embeddable":true,"href":"https:\/\/www.ernstbrunn-apotheke.at\/katalog\/wp-json\/wp\/v2\/product_brand?post=74787"},{"taxonomy":"product_cat","embeddable":true,"href":"https:\/\/www.ernstbrunn-apotheke.at\/katalog\/wp-json\/wp\/v2\/product_cat?post=74787"},{"taxonomy":"product_tag","embeddable":true,"href":"https:\/\/www.ernstbrunn-apotheke.at\/katalog\/wp-json\/wp\/v2\/product_tag?post=74787"}],"curies":[{"name":"wp","href":"https:\/\/api.w.org\/{rel}","templated":true}]}}