{"id":74777,"date":"2025-11-11T20:58:31","date_gmt":"2025-11-11T19:58:31","guid":{"rendered":"https:\/\/www.ernstbrunn-apotheke.at\/katalog\/produkt\/baldrian-hopfen-kapseln\/"},"modified":"2025-12-08T18:37:13","modified_gmt":"2025-12-08T17:37:13","slug":"baldrian-hopfen-kapseln","status":"publish","type":"product","link":"https:\/\/www.ernstbrunn-apotheke.at\/katalog\/produkt\/baldrian-hopfen-kapseln\/","title":{"rendered":"Baldrian &#8211; Hopfen Kapseln"},"content":{"rendered":"<p>Baldrian-Hopfen GPH Kapseln sind ein Nahrungserg\u00e4nzungsmittel mit einer Kombination aus Baldrianwurzel Trockenextrakt und Hopfenzapfen Trockenextrakt. Dieses kann bei nerv\u00f6s bedingten Einschlafst\u00f6rungen und Unruhezust\u00e4nden eingesetzt werden. Der physiologische Schlafrhythmus soll unbeeinflusst bleiben. Die Kombination der pflanzlichen Extrakte f\u00fchrt zu keiner Abh\u00e4ngigkeit, bietet eine optimale Alternative zu anderen schlaff\u00f6rdernden Mitteln und kann bedenkenlos eingenommen werden.<\/p>\n","protected":false},"excerpt":{"rendered":"<p>Baldrian-Hopfen GPH Kapseln sind ein Nahrungserg\u00e4nzungsmittel mit einer Kombination aus Baldrianwurzel Trockenextrakt und Hopfenzapfen Trockenextrakt. Dieses kann bei nerv\u00f6s bedingten Einschlafst\u00f6rungen und Unruhezust\u00e4nden eingesetzt werden. Der physiologische Schlafrhythmus soll unbeeinflusst bleiben. Die Kombination der pflanzlichen Extrakte f\u00fchrt zu keiner Abh\u00e4ngigkeit, bietet eine optimale Alternative zu anderen schlaff\u00f6rdernden Mitteln und kann bedenkenlos eingenommen werden.<\/p>\n","protected":false},"featured_media":74779,"template":"","meta":{"_acf_changed":false},"product_brand":[371],"product_cat":[802],"product_tag":[],"class_list":{"0":"post-74777","1":"product","2":"type-product","3":"status-publish","4":"has-post-thumbnail","6":"product_brand-gall-pharma","7":"product_cat-b","8":"pa_packungsgroesse-50-stueck","10":"first","11":"instock","12":"shipping-taxable","13":"purchasable","14":"product-type-simple"},"acf":[],"_links":{"self":[{"href":"https:\/\/www.ernstbrunn-apotheke.at\/katalog\/wp-json\/wp\/v2\/product\/74777","targetHints":{"allow":["GET"]}}],"collection":[{"href":"https:\/\/www.ernstbrunn-apotheke.at\/katalog\/wp-json\/wp\/v2\/product"}],"about":[{"href":"https:\/\/www.ernstbrunn-apotheke.at\/katalog\/wp-json\/wp\/v2\/types\/product"}],"wp:featuredmedia":[{"embeddable":true,"href":"https:\/\/www.ernstbrunn-apotheke.at\/katalog\/wp-json\/wp\/v2\/media\/74779"}],"wp:attachment":[{"href":"https:\/\/www.ernstbrunn-apotheke.at\/katalog\/wp-json\/wp\/v2\/media?parent=74777"}],"wp:term":[{"taxonomy":"product_brand","embeddable":true,"href":"https:\/\/www.ernstbrunn-apotheke.at\/katalog\/wp-json\/wp\/v2\/product_brand?post=74777"},{"taxonomy":"product_cat","embeddable":true,"href":"https:\/\/www.ernstbrunn-apotheke.at\/katalog\/wp-json\/wp\/v2\/product_cat?post=74777"},{"taxonomy":"product_tag","embeddable":true,"href":"https:\/\/www.ernstbrunn-apotheke.at\/katalog\/wp-json\/wp\/v2\/product_tag?post=74777"}],"curies":[{"name":"wp","href":"https:\/\/api.w.org\/{rel}","templated":true}]}}