{"id":7477,"date":"2025-11-07T13:14:09","date_gmt":"2025-11-07T12:14:09","guid":{"rendered":"https:\/\/www.ernstbrunn-apotheke.at\/katalog\/produkt\/johanniskrautoel-kapseln\/"},"modified":"2025-12-08T13:24:23","modified_gmt":"2025-12-08T12:24:23","slug":"johanniskrautoel-kapseln","status":"publish","type":"product","link":"https:\/\/www.ernstbrunn-apotheke.at\/katalog\/produkt\/johanniskrautoel-kapseln\/","title":{"rendered":"JOHANNISKRAUT\u00d6L KAPSELN"},"content":{"rendered":"<p>Johanniskraut geh\u00f6rt zur Familie der Hartheugew\u00e4chse(Hypericaceae) und wird bereits seit der Antike als Heilpflanzeverwendet. Johanniskraut\u00f6l GPH Kapseln sindein Nahrungserg\u00e4nzungsmittel mit wertvollem Johanniskraut\u00f6l,welches sich zur Besserung des Befindensbei nervlicher Belastung und schlechter Laune bew\u00e4hrthat. Die Bl\u00fctenbl\u00e4tter des Johanniskrauts enthalten feineDr\u00fcsen, die mit \u00e4therischen \u00d6len gef\u00fcllt sind. Das \u00d6l desJohanniskrauts enth\u00e4lt die Enzyme Hypericin und Hyperforin,welche auch f\u00fcr den stimmungsaufhellenden Effektder Pflanze verantwortlich sind. So kann Johanniskrauthelfen bei Stress, \u00dcberbelastung und Nervosit\u00e4t einenAusgleich zu schaffen. Das enthaltene Johanniskraut\u00f6lwird auf Basis von Maiskeim\u00f6l mit Raps\u00f6l gewonnen.<\/p>\n<p>Verzehrempfehlung:<\/p>\n<p>Erwachsene: 3 x t\u00e4glich 1 Kapsel zu den Mahlzeiten mitFl\u00fcssigkeit einnehmen.3 Kapseln enthalten 600 mg Johanniskraut\u00f6l.<\/p>\n","protected":false},"excerpt":{"rendered":"<p>Johanniskraut geh\u00f6rt zur Familie der Hartheugew\u00e4chse(Hypericaceae) und wird bereits seit der Antike als Heilpflanzeverwendet. Johanniskraut\u00f6l GPH Kapseln sindein Nahrungserg\u00e4nzungsmittel mit wertvollem Johanniskraut\u00f6l,welches sich zur Besserung des Befindensbei nervlicher Belastung und schlechter Laune bew\u00e4hrthat. Die Bl\u00fctenbl\u00e4tter des Johanniskrauts enthalten feineDr\u00fcsen, die mit \u00e4therischen \u00d6len gef\u00fcllt sind. Das \u00d6l desJohanniskrauts enth\u00e4lt die Enzyme Hypericin und Hyperforin,welche auch [&hellip;]<\/p>\n","protected":false},"featured_media":7224,"template":"","meta":{"_acf_changed":false},"product_brand":[371],"product_cat":[947],"product_tag":[],"class_list":{"0":"post-7477","1":"product","2":"type-product","3":"status-publish","4":"has-post-thumbnail","6":"product_brand-gall-pharma","7":"product_cat-j","8":"pa_packungsgroesse-120-stueck","9":"pa_packungsgroesse-60-stueck","10":"pa_packungsgroesse-90-stueck","12":"first","13":"instock","14":"shipping-taxable","15":"purchasable","16":"product-type-variable"},"acf":[],"_links":{"self":[{"href":"https:\/\/www.ernstbrunn-apotheke.at\/katalog\/wp-json\/wp\/v2\/product\/7477","targetHints":{"allow":["GET"]}}],"collection":[{"href":"https:\/\/www.ernstbrunn-apotheke.at\/katalog\/wp-json\/wp\/v2\/product"}],"about":[{"href":"https:\/\/www.ernstbrunn-apotheke.at\/katalog\/wp-json\/wp\/v2\/types\/product"}],"wp:featuredmedia":[{"embeddable":true,"href":"https:\/\/www.ernstbrunn-apotheke.at\/katalog\/wp-json\/wp\/v2\/media\/7224"}],"wp:attachment":[{"href":"https:\/\/www.ernstbrunn-apotheke.at\/katalog\/wp-json\/wp\/v2\/media?parent=7477"}],"wp:term":[{"taxonomy":"product_brand","embeddable":true,"href":"https:\/\/www.ernstbrunn-apotheke.at\/katalog\/wp-json\/wp\/v2\/product_brand?post=7477"},{"taxonomy":"product_cat","embeddable":true,"href":"https:\/\/www.ernstbrunn-apotheke.at\/katalog\/wp-json\/wp\/v2\/product_cat?post=7477"},{"taxonomy":"product_tag","embeddable":true,"href":"https:\/\/www.ernstbrunn-apotheke.at\/katalog\/wp-json\/wp\/v2\/product_tag?post=7477"}],"curies":[{"name":"wp","href":"https:\/\/api.w.org\/{rel}","templated":true}]}}