{"id":74761,"date":"2025-11-11T20:58:31","date_gmt":"2025-11-11T19:58:31","guid":{"rendered":"https:\/\/www.ernstbrunn-apotheke.at\/katalog\/produkt\/weleda-babycreme-calendula-10-ml\/"},"modified":"2025-12-08T18:37:08","modified_gmt":"2025-12-08T17:37:08","slug":"weleda-babycreme-calendula-10-ml","status":"publish","type":"product","link":"https:\/\/www.ernstbrunn-apotheke.at\/katalog\/produkt\/weleda-babycreme-calendula-10-ml\/","title":{"rendered":"Weleda Babycreme Calendula 10 ml"},"content":{"rendered":"<p>Weleda Babycreme Calendula  beruhigt empfindliche Babyhaut dank Mandel\u00f6l, Bio-Calendula und Bio-Kamille auf nat\u00fcrliche Weise. Hautverwandtes Wollwachs und Zinkoxid sch\u00fctzen zuverl\u00e4ssig vor N\u00e4sse. Die Pflege ist vom ersten Lebenstag an geeignet.<\/p>\n","protected":false},"excerpt":{"rendered":"<p>Weleda Babycreme Calendula beruhigt empfindliche Babyhaut dank Mandel\u00f6l, Bio-Calendula und Bio-Kamille auf nat\u00fcrliche Weise. Hautverwandtes Wollwachs und Zinkoxid sch\u00fctzen zuverl\u00e4ssig vor N\u00e4sse. Die Pflege ist vom ersten Lebenstag an geeignet.<\/p>\n","protected":false},"featured_media":74763,"template":"","meta":{"_acf_changed":false},"product_brand":[567],"product_cat":[796],"product_tag":[],"class_list":{"0":"post-74761","1":"product","2":"type-product","3":"status-publish","4":"has-post-thumbnail","6":"product_brand-weleda","7":"product_cat-w","8":"pa_packungsgroesse-10ml","10":"first","11":"instock","12":"shipping-taxable","13":"purchasable","14":"product-type-simple"},"acf":[],"_links":{"self":[{"href":"https:\/\/www.ernstbrunn-apotheke.at\/katalog\/wp-json\/wp\/v2\/product\/74761","targetHints":{"allow":["GET"]}}],"collection":[{"href":"https:\/\/www.ernstbrunn-apotheke.at\/katalog\/wp-json\/wp\/v2\/product"}],"about":[{"href":"https:\/\/www.ernstbrunn-apotheke.at\/katalog\/wp-json\/wp\/v2\/types\/product"}],"wp:featuredmedia":[{"embeddable":true,"href":"https:\/\/www.ernstbrunn-apotheke.at\/katalog\/wp-json\/wp\/v2\/media\/74763"}],"wp:attachment":[{"href":"https:\/\/www.ernstbrunn-apotheke.at\/katalog\/wp-json\/wp\/v2\/media?parent=74761"}],"wp:term":[{"taxonomy":"product_brand","embeddable":true,"href":"https:\/\/www.ernstbrunn-apotheke.at\/katalog\/wp-json\/wp\/v2\/product_brand?post=74761"},{"taxonomy":"product_cat","embeddable":true,"href":"https:\/\/www.ernstbrunn-apotheke.at\/katalog\/wp-json\/wp\/v2\/product_cat?post=74761"},{"taxonomy":"product_tag","embeddable":true,"href":"https:\/\/www.ernstbrunn-apotheke.at\/katalog\/wp-json\/wp\/v2\/product_tag?post=74761"}],"curies":[{"name":"wp","href":"https:\/\/api.w.org\/{rel}","templated":true}]}}