{"id":74751,"date":"2025-11-11T20:58:31","date_gmt":"2025-11-11T19:58:31","guid":{"rendered":"https:\/\/www.ernstbrunn-apotheke.at\/katalog\/produkt\/dr-ehrenberger-aminosaeuren-basic-kapseln-180-stk\/"},"modified":"2025-12-08T18:37:07","modified_gmt":"2025-12-08T17:37:07","slug":"dr-ehrenberger-aminosaeuren-basic-kapseln-180-stk","status":"publish","type":"product","link":"https:\/\/www.ernstbrunn-apotheke.at\/katalog\/produkt\/dr-ehrenberger-aminosaeuren-basic-kapseln-180-stk\/","title":{"rendered":"Dr. Ehrenberger Aminos\u00e4uren Basic Kapseln 180 Stk."},"content":{"rendered":"<p>Dr. Ehrenberger Aminos\u00e4uren Basic Kapseln tragen zu einem normalen Energiestoffwechsel bei und dient der Erhaltung normaler Z\u00e4hne und Knochen. Das Produkt enth\u00e4lt teilweise biologische Inhaltssoffe.<\/p>\n","protected":false},"excerpt":{"rendered":"<p>Dr. Ehrenberger Aminos\u00e4uren Basic Kapseln tragen zu einem normalen Energiestoffwechsel bei und dient der Erhaltung normaler Z\u00e4hne und Knochen. Das Produkt enth\u00e4lt teilweise biologische Inhaltssoffe.<\/p>\n","protected":false},"featured_media":74753,"template":"","meta":{"_acf_changed":false},"product_brand":[509],"product_cat":[792],"product_tag":[],"class_list":{"0":"post-74751","1":"product","2":"type-product","3":"status-publish","4":"has-post-thumbnail","6":"product_brand-dr-ehrenberger","7":"product_cat-d","8":"pa_packungsgroesse-180-stueck","10":"first","11":"instock","12":"shipping-taxable","13":"purchasable","14":"product-type-simple"},"acf":[],"_links":{"self":[{"href":"https:\/\/www.ernstbrunn-apotheke.at\/katalog\/wp-json\/wp\/v2\/product\/74751","targetHints":{"allow":["GET"]}}],"collection":[{"href":"https:\/\/www.ernstbrunn-apotheke.at\/katalog\/wp-json\/wp\/v2\/product"}],"about":[{"href":"https:\/\/www.ernstbrunn-apotheke.at\/katalog\/wp-json\/wp\/v2\/types\/product"}],"wp:featuredmedia":[{"embeddable":true,"href":"https:\/\/www.ernstbrunn-apotheke.at\/katalog\/wp-json\/wp\/v2\/media\/74753"}],"wp:attachment":[{"href":"https:\/\/www.ernstbrunn-apotheke.at\/katalog\/wp-json\/wp\/v2\/media?parent=74751"}],"wp:term":[{"taxonomy":"product_brand","embeddable":true,"href":"https:\/\/www.ernstbrunn-apotheke.at\/katalog\/wp-json\/wp\/v2\/product_brand?post=74751"},{"taxonomy":"product_cat","embeddable":true,"href":"https:\/\/www.ernstbrunn-apotheke.at\/katalog\/wp-json\/wp\/v2\/product_cat?post=74751"},{"taxonomy":"product_tag","embeddable":true,"href":"https:\/\/www.ernstbrunn-apotheke.at\/katalog\/wp-json\/wp\/v2\/product_tag?post=74751"}],"curies":[{"name":"wp","href":"https:\/\/api.w.org\/{rel}","templated":true}]}}