{"id":7473,"date":"2025-11-07T13:14:09","date_gmt":"2025-11-07T12:14:09","guid":{"rendered":"https:\/\/www.ernstbrunn-apotheke.at\/katalog\/produkt\/apimanu-neurotosan-ayurveda-kapseln-gegen-depression-burnout\/"},"modified":"2025-12-08T13:23:38","modified_gmt":"2025-12-08T12:23:38","slug":"apimanu-neurotosan-ayurveda-kapseln-gegen-depression-burnout","status":"publish","type":"product","link":"https:\/\/www.ernstbrunn-apotheke.at\/katalog\/produkt\/apimanu-neurotosan-ayurveda-kapseln-gegen-depression-burnout\/","title":{"rendered":"Apimanu NEUROTOSAN Ayurveda Kapseln gegen Depression &#038; Burnout"},"content":{"rendered":"<p>Apimanu Ayurveda Kapseln Neurotosan bewirken die signifikante Verbesserung bei Depression, Burnout und Angstst\u00f6rung und verbessern zudem die geistige Leistungsf\u00e4higkeit. Zudem wird die Verbesserung der Stressbew\u00e4ltigung und des Nervenstoffwechsels des Gehirns erreicht<\/p>\n","protected":false},"excerpt":{"rendered":"<p>Apimanu Ayurveda Kapseln Neurotosan bewirken die signifikante Verbesserung bei Depression, Burnout und Angstst\u00f6rung und verbessern zudem die geistige Leistungsf\u00e4higkeit. Zudem wird die Verbesserung der Stressbew\u00e4ltigung und des Nervenstoffwechsels des Gehirns erreicht<\/p>\n","protected":false},"featured_media":7218,"template":"","meta":{"_acf_changed":false},"product_brand":[],"product_cat":[801],"product_tag":[],"class_list":{"0":"post-7473","1":"product","2":"type-product","3":"status-publish","4":"has-post-thumbnail","6":"product_cat-a","7":"pa_packungsgroesse-40-stueck","8":"pa_packungsgroesse-60-stueck","9":"pa_packungsgroesse-90-stueck","11":"first","12":"instock","13":"shipping-taxable","14":"purchasable","15":"product-type-simple"},"acf":[],"_links":{"self":[{"href":"https:\/\/www.ernstbrunn-apotheke.at\/katalog\/wp-json\/wp\/v2\/product\/7473","targetHints":{"allow":["GET"]}}],"collection":[{"href":"https:\/\/www.ernstbrunn-apotheke.at\/katalog\/wp-json\/wp\/v2\/product"}],"about":[{"href":"https:\/\/www.ernstbrunn-apotheke.at\/katalog\/wp-json\/wp\/v2\/types\/product"}],"wp:featuredmedia":[{"embeddable":true,"href":"https:\/\/www.ernstbrunn-apotheke.at\/katalog\/wp-json\/wp\/v2\/media\/7218"}],"wp:attachment":[{"href":"https:\/\/www.ernstbrunn-apotheke.at\/katalog\/wp-json\/wp\/v2\/media?parent=7473"}],"wp:term":[{"taxonomy":"product_brand","embeddable":true,"href":"https:\/\/www.ernstbrunn-apotheke.at\/katalog\/wp-json\/wp\/v2\/product_brand?post=7473"},{"taxonomy":"product_cat","embeddable":true,"href":"https:\/\/www.ernstbrunn-apotheke.at\/katalog\/wp-json\/wp\/v2\/product_cat?post=7473"},{"taxonomy":"product_tag","embeddable":true,"href":"https:\/\/www.ernstbrunn-apotheke.at\/katalog\/wp-json\/wp\/v2\/product_tag?post=7473"}],"curies":[{"name":"wp","href":"https:\/\/api.w.org\/{rel}","templated":true}]}}