{"id":74713,"date":"2025-11-11T20:57:47","date_gmt":"2025-11-11T19:57:47","guid":{"rendered":"https:\/\/www.ernstbrunn-apotheke.at\/katalog\/produkt\/tetesept-meersalz-bad-muskel-gelenke-750-g\/"},"modified":"2025-12-08T18:36:54","modified_gmt":"2025-12-08T17:36:54","slug":"tetesept-meersalz-bad-muskel-gelenke-750-g","status":"publish","type":"product","link":"https:\/\/www.ernstbrunn-apotheke.at\/katalog\/produkt\/tetesept-meersalz-bad-muskel-gelenke-750-g\/","title":{"rendered":"Tetesept Meersalz Bad Muskel &#038; Gelenke 750 g"},"content":{"rendered":"<p>Tetesept Muskel &#038; Gelenk Meersalz ist ein Badezusatz zur nat\u00fcrlichen Linderung bei verspannten und m\u00fcden Muskeln und Gelenken mit 100% nat\u00fcrlichem Meersalz. Lockert und entspannt Muskeln und Gelenke. L\u00f6st Verspannungen.<\/p>\n","protected":false},"excerpt":{"rendered":"<p>Tetesept Muskel &#038; Gelenk Meersalz ist ein Badezusatz zur nat\u00fcrlichen Linderung bei verspannten und m\u00fcden Muskeln und Gelenken mit 100% nat\u00fcrlichem Meersalz. Lockert und entspannt Muskeln und Gelenke. L\u00f6st Verspannungen.<\/p>\n","protected":false},"featured_media":74715,"template":"","meta":{"_acf_changed":false},"product_brand":[487],"product_cat":[798],"product_tag":[],"class_list":{"0":"post-74713","1":"product","2":"type-product","3":"status-publish","4":"has-post-thumbnail","6":"product_brand-tetesept","7":"product_cat-t","8":"pa_packungsgroesse-750g","10":"first","11":"instock","12":"shipping-taxable","13":"purchasable","14":"product-type-simple"},"acf":[],"_links":{"self":[{"href":"https:\/\/www.ernstbrunn-apotheke.at\/katalog\/wp-json\/wp\/v2\/product\/74713","targetHints":{"allow":["GET"]}}],"collection":[{"href":"https:\/\/www.ernstbrunn-apotheke.at\/katalog\/wp-json\/wp\/v2\/product"}],"about":[{"href":"https:\/\/www.ernstbrunn-apotheke.at\/katalog\/wp-json\/wp\/v2\/types\/product"}],"wp:featuredmedia":[{"embeddable":true,"href":"https:\/\/www.ernstbrunn-apotheke.at\/katalog\/wp-json\/wp\/v2\/media\/74715"}],"wp:attachment":[{"href":"https:\/\/www.ernstbrunn-apotheke.at\/katalog\/wp-json\/wp\/v2\/media?parent=74713"}],"wp:term":[{"taxonomy":"product_brand","embeddable":true,"href":"https:\/\/www.ernstbrunn-apotheke.at\/katalog\/wp-json\/wp\/v2\/product_brand?post=74713"},{"taxonomy":"product_cat","embeddable":true,"href":"https:\/\/www.ernstbrunn-apotheke.at\/katalog\/wp-json\/wp\/v2\/product_cat?post=74713"},{"taxonomy":"product_tag","embeddable":true,"href":"https:\/\/www.ernstbrunn-apotheke.at\/katalog\/wp-json\/wp\/v2\/product_tag?post=74713"}],"curies":[{"name":"wp","href":"https:\/\/api.w.org\/{rel}","templated":true}]}}