{"id":74702,"date":"2025-11-11T20:57:47","date_gmt":"2025-11-11T19:57:47","guid":{"rendered":"https:\/\/www.ernstbrunn-apotheke.at\/katalog\/produkt\/sebamed-for-men-after-shave-balsam-100-ml\/"},"modified":"2025-12-08T18:36:48","modified_gmt":"2025-12-08T17:36:48","slug":"sebamed-for-men-after-shave-balsam-100-ml","status":"publish","type":"product","link":"https:\/\/www.ernstbrunn-apotheke.at\/katalog\/produkt\/sebamed-for-men-after-shave-balsam-100-ml\/","title":{"rendered":"Sebamed For Men After Shave Balsam 100 ml"},"content":{"rendered":"<p>sebamed FOR MEN After Shave Balsam wurde speziell f\u00fcr die durch das Rasieren strapazierte, empfindliche Haut entwickelt. Der After Shave Balsam mit nat\u00fcrlichen Wirkstoffen eignet sich f\u00fcr alle Hauttypen. Der Feuchtigkeitskomplex HydroGS unterst\u00fctzt die Haut, widerstandsf\u00e4higer gegen \u00e4u\u00dfere Stresseinfl\u00fcsse zu werden. Er sorgt f\u00fcr Frische und Vitalit\u00e4t. Der Wirkstoff der Kamille (Bisabolol) unterst\u00fctzt den reizlindernden Effekt. Er hilft gegen Rasurbrand, ist feuchtigkeitsspendend und hautberuhigend.<\/p>\n","protected":false},"excerpt":{"rendered":"<p>sebamed FOR MEN After Shave Balsam wurde speziell f\u00fcr die durch das Rasieren strapazierte, empfindliche Haut entwickelt. Der After Shave Balsam mit nat\u00fcrlichen Wirkstoffen eignet sich f\u00fcr alle Hauttypen. Der Feuchtigkeitskomplex HydroGS unterst\u00fctzt die Haut, widerstandsf\u00e4higer gegen \u00e4u\u00dfere Stresseinfl\u00fcsse zu werden. Er sorgt f\u00fcr Frische und Vitalit\u00e4t. Der Wirkstoff der Kamille (Bisabolol) unterst\u00fctzt den reizlindernden [&hellip;]<\/p>\n","protected":false},"featured_media":74704,"template":"","meta":{"_acf_changed":false},"product_brand":[737],"product_cat":[791],"product_tag":[],"class_list":{"0":"post-74702","1":"product","2":"type-product","3":"status-publish","4":"has-post-thumbnail","6":"product_brand-sebamed","7":"product_cat-s","8":"pa_packungsgroesse-100ml","10":"first","11":"instock","12":"shipping-taxable","13":"purchasable","14":"product-type-simple"},"acf":[],"_links":{"self":[{"href":"https:\/\/www.ernstbrunn-apotheke.at\/katalog\/wp-json\/wp\/v2\/product\/74702","targetHints":{"allow":["GET"]}}],"collection":[{"href":"https:\/\/www.ernstbrunn-apotheke.at\/katalog\/wp-json\/wp\/v2\/product"}],"about":[{"href":"https:\/\/www.ernstbrunn-apotheke.at\/katalog\/wp-json\/wp\/v2\/types\/product"}],"wp:featuredmedia":[{"embeddable":true,"href":"https:\/\/www.ernstbrunn-apotheke.at\/katalog\/wp-json\/wp\/v2\/media\/74704"}],"wp:attachment":[{"href":"https:\/\/www.ernstbrunn-apotheke.at\/katalog\/wp-json\/wp\/v2\/media?parent=74702"}],"wp:term":[{"taxonomy":"product_brand","embeddable":true,"href":"https:\/\/www.ernstbrunn-apotheke.at\/katalog\/wp-json\/wp\/v2\/product_brand?post=74702"},{"taxonomy":"product_cat","embeddable":true,"href":"https:\/\/www.ernstbrunn-apotheke.at\/katalog\/wp-json\/wp\/v2\/product_cat?post=74702"},{"taxonomy":"product_tag","embeddable":true,"href":"https:\/\/www.ernstbrunn-apotheke.at\/katalog\/wp-json\/wp\/v2\/product_tag?post=74702"}],"curies":[{"name":"wp","href":"https:\/\/api.w.org\/{rel}","templated":true}]}}