{"id":7464,"date":"2025-11-07T13:14:09","date_gmt":"2025-11-07T12:14:09","guid":{"rendered":"https:\/\/www.ernstbrunn-apotheke.at\/katalog\/produkt\/amitamin-pms-redux-bei-praemenstruellen-stimmungsschwankungen\/"},"modified":"2025-12-08T13:23:34","modified_gmt":"2025-12-08T12:23:34","slug":"amitamin-pms-redux-bei-praemenstruellen-stimmungsschwankungen","status":"publish","type":"product","link":"https:\/\/www.ernstbrunn-apotheke.at\/katalog\/produkt\/amitamin-pms-redux-bei-praemenstruellen-stimmungsschwankungen\/","title":{"rendered":"Amitamin PMS REDUX bei pr\u00e4menstruellen Stimmungsschwankungen"},"content":{"rendered":"<p>Amitamin PMS Redux Kapseln dienen zur di\u00e4tetischen Unterst\u00fctzung von Frauen mit PMS und den damit verbundenen Symptomen. Die Folgen der PMS Symptome sind nicht nur f\u00fcr die betroffene Frau direkt \u00e4rgerlich und l\u00e4stig. Indirekt verursachen die Stimmungsschwankungen und Beeintr\u00e4chtigungen h\u00e4ufig genug Probleme mit dem sozialen Umfeld.<\/p>\n","protected":false},"excerpt":{"rendered":"<p>Amitamin PMS Redux Kapseln dienen zur di\u00e4tetischen Unterst\u00fctzung von Frauen mit PMS und den damit verbundenen Symptomen. Die Folgen der PMS Symptome sind nicht nur f\u00fcr die betroffene Frau direkt \u00e4rgerlich und l\u00e4stig. Indirekt verursachen die Stimmungsschwankungen und Beeintr\u00e4chtigungen h\u00e4ufig genug Probleme mit dem sozialen Umfeld.<\/p>\n","protected":false},"featured_media":7176,"template":"","meta":{"_acf_changed":false},"product_brand":[],"product_cat":[801],"product_tag":[],"class_list":{"0":"post-7464","1":"product","2":"type-product","3":"status-publish","4":"has-post-thumbnail","6":"product_cat-a","7":"pa_packungsgroesse-90-stueck","9":"first","10":"instock","11":"shipping-taxable","12":"purchasable","13":"product-type-simple"},"acf":[],"_links":{"self":[{"href":"https:\/\/www.ernstbrunn-apotheke.at\/katalog\/wp-json\/wp\/v2\/product\/7464","targetHints":{"allow":["GET"]}}],"collection":[{"href":"https:\/\/www.ernstbrunn-apotheke.at\/katalog\/wp-json\/wp\/v2\/product"}],"about":[{"href":"https:\/\/www.ernstbrunn-apotheke.at\/katalog\/wp-json\/wp\/v2\/types\/product"}],"wp:featuredmedia":[{"embeddable":true,"href":"https:\/\/www.ernstbrunn-apotheke.at\/katalog\/wp-json\/wp\/v2\/media\/7176"}],"wp:attachment":[{"href":"https:\/\/www.ernstbrunn-apotheke.at\/katalog\/wp-json\/wp\/v2\/media?parent=7464"}],"wp:term":[{"taxonomy":"product_brand","embeddable":true,"href":"https:\/\/www.ernstbrunn-apotheke.at\/katalog\/wp-json\/wp\/v2\/product_brand?post=7464"},{"taxonomy":"product_cat","embeddable":true,"href":"https:\/\/www.ernstbrunn-apotheke.at\/katalog\/wp-json\/wp\/v2\/product_cat?post=7464"},{"taxonomy":"product_tag","embeddable":true,"href":"https:\/\/www.ernstbrunn-apotheke.at\/katalog\/wp-json\/wp\/v2\/product_tag?post=7464"}],"curies":[{"name":"wp","href":"https:\/\/api.w.org\/{rel}","templated":true}]}}