{"id":74589,"date":"2025-11-11T20:54:54","date_gmt":"2025-11-11T19:54:54","guid":{"rendered":"https:\/\/www.ernstbrunn-apotheke.at\/katalog\/produkt\/melasan-arginin-500-kapseln-60-stk\/"},"modified":"2025-12-08T18:36:14","modified_gmt":"2025-12-08T17:36:14","slug":"melasan-arginin-500-kapseln-60-stk","status":"publish","type":"product","link":"https:\/\/www.ernstbrunn-apotheke.at\/katalog\/produkt\/melasan-arginin-500-kapseln-60-stk\/","title":{"rendered":"Melasan Arginin 500 Kapseln 60 Stk."},"content":{"rendered":"<p>Melasan Arginin 500 Kapseln 60 Stk. sind insbesondere f\u00fcr Sportler, die ein Supplement mit dem sofortigen Effekt angenehm aktiv, optisch gr\u00f6\u00dfer erscheinender Muskeln im Krafttraining suchen, die erste Wahl. Auch die langfristige, regelm\u00e4\u00dfige Einnahme unterst\u00fctzt die Erreichung sportlicher Ziele und die Gesundheit. L-Arginin z\u00e4hlt zu den basischen Aminos\u00e4uren und spielt eine entscheidende regulatorische Rolle im Stickoxid-Metabolismus &#8211; alle Produkte von Melasan jetzt mit hohem Rabatt bestellen!<\/p>\n","protected":false},"excerpt":{"rendered":"<p>Melasan Arginin 500 Kapseln 60 Stk. sind insbesondere f\u00fcr Sportler, die ein Supplement mit dem sofortigen Effekt angenehm aktiv, optisch gr\u00f6\u00dfer erscheinender Muskeln im Krafttraining suchen, die erste Wahl. Auch die langfristige, regelm\u00e4\u00dfige Einnahme unterst\u00fctzt die Erreichung sportlicher Ziele und die Gesundheit. L-Arginin z\u00e4hlt zu den basischen Aminos\u00e4uren und spielt eine entscheidende regulatorische Rolle im [&hellip;]<\/p>\n","protected":false},"featured_media":74591,"template":"","meta":{"_acf_changed":false},"product_brand":[373],"product_cat":[800],"product_tag":[],"class_list":{"0":"post-74589","1":"product","2":"type-product","3":"status-publish","4":"has-post-thumbnail","6":"product_brand-melasan","7":"product_cat-m","8":"pa_packungsgroesse-60-stueck","10":"first","11":"instock","12":"shipping-taxable","13":"purchasable","14":"product-type-simple"},"acf":[],"_links":{"self":[{"href":"https:\/\/www.ernstbrunn-apotheke.at\/katalog\/wp-json\/wp\/v2\/product\/74589","targetHints":{"allow":["GET"]}}],"collection":[{"href":"https:\/\/www.ernstbrunn-apotheke.at\/katalog\/wp-json\/wp\/v2\/product"}],"about":[{"href":"https:\/\/www.ernstbrunn-apotheke.at\/katalog\/wp-json\/wp\/v2\/types\/product"}],"wp:featuredmedia":[{"embeddable":true,"href":"https:\/\/www.ernstbrunn-apotheke.at\/katalog\/wp-json\/wp\/v2\/media\/74591"}],"wp:attachment":[{"href":"https:\/\/www.ernstbrunn-apotheke.at\/katalog\/wp-json\/wp\/v2\/media?parent=74589"}],"wp:term":[{"taxonomy":"product_brand","embeddable":true,"href":"https:\/\/www.ernstbrunn-apotheke.at\/katalog\/wp-json\/wp\/v2\/product_brand?post=74589"},{"taxonomy":"product_cat","embeddable":true,"href":"https:\/\/www.ernstbrunn-apotheke.at\/katalog\/wp-json\/wp\/v2\/product_cat?post=74589"},{"taxonomy":"product_tag","embeddable":true,"href":"https:\/\/www.ernstbrunn-apotheke.at\/katalog\/wp-json\/wp\/v2\/product_tag?post=74589"}],"curies":[{"name":"wp","href":"https:\/\/api.w.org\/{rel}","templated":true}]}}