{"id":74585,"date":"2025-11-11T20:54:54","date_gmt":"2025-11-11T19:54:54","guid":{"rendered":"https:\/\/www.ernstbrunn-apotheke.at\/katalog\/produkt\/darphin-professional-cleansers-cleansing-foam-gel-with-water-lily-125-ml\/"},"modified":"2025-12-08T18:36:13","modified_gmt":"2025-12-08T17:36:13","slug":"darphin-professional-cleansers-cleansing-foam-gel-with-water-lily-125-ml","status":"publish","type":"product","link":"https:\/\/www.ernstbrunn-apotheke.at\/katalog\/produkt\/darphin-professional-cleansers-cleansing-foam-gel-with-water-lily-125-ml\/","title":{"rendered":"Darphin Professional Cleansers Cleansing Foam Gel with Water Lily 125 ml"},"content":{"rendered":"<p>Professional Cleansers Cleansing Foam Gel with Water Lily ist ein mildes Reinigungsgel, welches sich zu Schaum umwandelt, um gr\u00fcndlich Make-up, Unreinheiten und Talg\u00fcbersch\u00fcsse zu entfernen.<\/p>\n","protected":false},"excerpt":{"rendered":"<p>Professional Cleansers Cleansing Foam Gel with Water Lily ist ein mildes Reinigungsgel, welches sich zu Schaum umwandelt, um gr\u00fcndlich Make-up, Unreinheiten und Talg\u00fcbersch\u00fcsse zu entfernen.<\/p>\n","protected":false},"featured_media":74587,"template":"","meta":{"_acf_changed":false},"product_brand":[],"product_cat":[792],"product_tag":[],"class_list":{"0":"post-74585","1":"product","2":"type-product","3":"status-publish","4":"has-post-thumbnail","6":"product_cat-d","7":"pa_packungsgroesse-125ml","9":"first","10":"instock","11":"shipping-taxable","12":"purchasable","13":"product-type-simple"},"acf":[],"_links":{"self":[{"href":"https:\/\/www.ernstbrunn-apotheke.at\/katalog\/wp-json\/wp\/v2\/product\/74585","targetHints":{"allow":["GET"]}}],"collection":[{"href":"https:\/\/www.ernstbrunn-apotheke.at\/katalog\/wp-json\/wp\/v2\/product"}],"about":[{"href":"https:\/\/www.ernstbrunn-apotheke.at\/katalog\/wp-json\/wp\/v2\/types\/product"}],"wp:featuredmedia":[{"embeddable":true,"href":"https:\/\/www.ernstbrunn-apotheke.at\/katalog\/wp-json\/wp\/v2\/media\/74587"}],"wp:attachment":[{"href":"https:\/\/www.ernstbrunn-apotheke.at\/katalog\/wp-json\/wp\/v2\/media?parent=74585"}],"wp:term":[{"taxonomy":"product_brand","embeddable":true,"href":"https:\/\/www.ernstbrunn-apotheke.at\/katalog\/wp-json\/wp\/v2\/product_brand?post=74585"},{"taxonomy":"product_cat","embeddable":true,"href":"https:\/\/www.ernstbrunn-apotheke.at\/katalog\/wp-json\/wp\/v2\/product_cat?post=74585"},{"taxonomy":"product_tag","embeddable":true,"href":"https:\/\/www.ernstbrunn-apotheke.at\/katalog\/wp-json\/wp\/v2\/product_tag?post=74585"}],"curies":[{"name":"wp","href":"https:\/\/api.w.org\/{rel}","templated":true}]}}