{"id":7458,"date":"2025-11-07T13:14:09","date_gmt":"2025-11-07T12:14:09","guid":{"rendered":"https:\/\/www.ernstbrunn-apotheke.at\/katalog\/produkt\/zeinpharma-vitamin-k2-menachinon-7-100%c2%b5g-60-stk\/"},"modified":"2025-12-08T13:23:32","modified_gmt":"2025-12-08T12:23:32","slug":"zeinpharma-vitamin-k2-menachinon-7-100%c2%b5g-60-stk","status":"publish","type":"product","link":"https:\/\/www.ernstbrunn-apotheke.at\/katalog\/produkt\/zeinpharma-vitamin-k2-menachinon-7-100%c2%b5g-60-stk\/","title":{"rendered":"ZeinPharma VITAMIN K2 + MENACHINON &#8211; 7 100\u00b5g &#8211; 60 Stk"},"content":{"rendered":"<p>ZeinPharma Vitamin K2+ Menachinon-7 100 \u00b5g Kapseln enth\u00e4lt nat\u00fcrliches Vitamin K2 aus nat\u00fcrlicher Fermentation. Sie tragen zum Erhalt gesunder Knochen und Gef\u00e4\u00dfe bei und diesen au\u00dferdem zur Behandlung eines Mangelzustandes (z.B. Osteoporose).<\/p>\n","protected":false},"excerpt":{"rendered":"<p>ZeinPharma Vitamin K2+ Menachinon-7 100 \u00b5g Kapseln enth\u00e4lt nat\u00fcrliches Vitamin K2 aus nat\u00fcrlicher Fermentation. Sie tragen zum Erhalt gesunder Knochen und Gef\u00e4\u00dfe bei und diesen au\u00dferdem zur Behandlung eines Mangelzustandes (z.B. Osteoporose).<\/p>\n","protected":false},"featured_media":7146,"template":"","meta":{"_acf_changed":false},"product_brand":[],"product_cat":[803],"product_tag":[],"class_list":{"0":"post-7458","1":"product","2":"type-product","3":"status-publish","4":"has-post-thumbnail","6":"product_cat-z","7":"pa_packungsgroesse-60-stueck","9":"first","10":"instock","11":"shipping-taxable","12":"purchasable","13":"product-type-simple"},"acf":[],"_links":{"self":[{"href":"https:\/\/www.ernstbrunn-apotheke.at\/katalog\/wp-json\/wp\/v2\/product\/7458","targetHints":{"allow":["GET"]}}],"collection":[{"href":"https:\/\/www.ernstbrunn-apotheke.at\/katalog\/wp-json\/wp\/v2\/product"}],"about":[{"href":"https:\/\/www.ernstbrunn-apotheke.at\/katalog\/wp-json\/wp\/v2\/types\/product"}],"wp:featuredmedia":[{"embeddable":true,"href":"https:\/\/www.ernstbrunn-apotheke.at\/katalog\/wp-json\/wp\/v2\/media\/7146"}],"wp:attachment":[{"href":"https:\/\/www.ernstbrunn-apotheke.at\/katalog\/wp-json\/wp\/v2\/media?parent=7458"}],"wp:term":[{"taxonomy":"product_brand","embeddable":true,"href":"https:\/\/www.ernstbrunn-apotheke.at\/katalog\/wp-json\/wp\/v2\/product_brand?post=7458"},{"taxonomy":"product_cat","embeddable":true,"href":"https:\/\/www.ernstbrunn-apotheke.at\/katalog\/wp-json\/wp\/v2\/product_cat?post=7458"},{"taxonomy":"product_tag","embeddable":true,"href":"https:\/\/www.ernstbrunn-apotheke.at\/katalog\/wp-json\/wp\/v2\/product_tag?post=7458"}],"curies":[{"name":"wp","href":"https:\/\/api.w.org\/{rel}","templated":true}]}}