{"id":7456,"date":"2025-11-07T13:13:29","date_gmt":"2025-11-07T12:13:29","guid":{"rendered":"https:\/\/www.ernstbrunn-apotheke.at\/katalog\/produkt\/l-theanin-100mg-kapseln-aminosaeure-aus-gruentee\/"},"modified":"2025-12-08T13:23:30","modified_gmt":"2025-12-08T12:23:30","slug":"l-theanin-100mg-kapseln-aminosaeure-aus-gruentee","status":"publish","type":"product","link":"https:\/\/www.ernstbrunn-apotheke.at\/katalog\/produkt\/l-theanin-100mg-kapseln-aminosaeure-aus-gruentee\/","title":{"rendered":"L &#8211; THEANIN 100mg Kapseln &#8211; Aminos\u00e4ure aus Gr\u00fcntee"},"content":{"rendered":"<p>L-Theanin 100 mg Kapseln enth\u00e4lt hochwertiges L-Theanin, eine freie (nicht an Proteine gebundene) Aminos\u00e4ure, welche fast ausschlie\u00dflich in Gr\u00fcntee vorkommt. Vorz\u00fcge von L-Theanin sind ein blutdrucksenkender Effekt, ausgepr\u00e4gte Stressreduktion sowie Unterst\u00fctzung bei konzentriertem Arbeiten und Lernen.<\/p>\n","protected":false},"excerpt":{"rendered":"<p>L-Theanin 100 mg Kapseln enth\u00e4lt hochwertiges L-Theanin, eine freie (nicht an Proteine gebundene) Aminos\u00e4ure, welche fast ausschlie\u00dflich in Gr\u00fcntee vorkommt. Vorz\u00fcge von L-Theanin sind ein blutdrucksenkender Effekt, ausgepr\u00e4gte Stressreduktion sowie Unterst\u00fctzung bei konzentriertem Arbeiten und Lernen.<\/p>\n","protected":false},"featured_media":7137,"template":"","meta":{"_acf_changed":false},"product_brand":[],"product_cat":[795],"product_tag":[],"class_list":{"0":"post-7456","1":"product","2":"type-product","3":"status-publish","4":"has-post-thumbnail","6":"product_cat-l","7":"pa_packungsgroesse-60-stueck","9":"first","10":"instock","11":"shipping-taxable","12":"purchasable","13":"product-type-simple"},"acf":[],"_links":{"self":[{"href":"https:\/\/www.ernstbrunn-apotheke.at\/katalog\/wp-json\/wp\/v2\/product\/7456","targetHints":{"allow":["GET"]}}],"collection":[{"href":"https:\/\/www.ernstbrunn-apotheke.at\/katalog\/wp-json\/wp\/v2\/product"}],"about":[{"href":"https:\/\/www.ernstbrunn-apotheke.at\/katalog\/wp-json\/wp\/v2\/types\/product"}],"wp:featuredmedia":[{"embeddable":true,"href":"https:\/\/www.ernstbrunn-apotheke.at\/katalog\/wp-json\/wp\/v2\/media\/7137"}],"wp:attachment":[{"href":"https:\/\/www.ernstbrunn-apotheke.at\/katalog\/wp-json\/wp\/v2\/media?parent=7456"}],"wp:term":[{"taxonomy":"product_brand","embeddable":true,"href":"https:\/\/www.ernstbrunn-apotheke.at\/katalog\/wp-json\/wp\/v2\/product_brand?post=7456"},{"taxonomy":"product_cat","embeddable":true,"href":"https:\/\/www.ernstbrunn-apotheke.at\/katalog\/wp-json\/wp\/v2\/product_cat?post=7456"},{"taxonomy":"product_tag","embeddable":true,"href":"https:\/\/www.ernstbrunn-apotheke.at\/katalog\/wp-json\/wp\/v2\/product_tag?post=7456"}],"curies":[{"name":"wp","href":"https:\/\/api.w.org\/{rel}","templated":true}]}}