{"id":74555,"date":"2025-11-11T20:54:54","date_gmt":"2025-11-11T19:54:54","guid":{"rendered":"https:\/\/www.ernstbrunn-apotheke.at\/katalog\/produkt\/eibischteig-15-kg\/"},"modified":"2025-12-08T18:36:06","modified_gmt":"2025-12-08T17:36:06","slug":"eibischteig-15-kg","status":"publish","type":"product","link":"https:\/\/www.ernstbrunn-apotheke.at\/katalog\/produkt\/eibischteig-15-kg\/","title":{"rendered":"Eibischteig 1,5 kg"},"content":{"rendered":"<p>Der besondere Geschmack dieser gesch\u00e4umten Gummibonbons wird gepr\u00e4gt durch die enthaltenen Eibisch- und S\u00fc\u00dfholzwurzelextrakte sowie der Besonderheit des Rosen\u00f6ls. Die Eibischwurzel hat sich in \u00d6sterreich als eines der besten Hausmittel bei Husten und Erk\u00e4ltung etabliert, da sie besonders sanft wirkt. Dies macht auch unseren Eibischteig zu einem der sanftesten Hustenzuckerl, welcher aufgrund der gro\u00dfen Beliebtheit auch im Gro\u00dfgebinde (1,5 kg) zu erhalten ist.<\/p>\n","protected":false},"excerpt":{"rendered":"<p>Der besondere Geschmack dieser gesch\u00e4umten Gummibonbons wird gepr\u00e4gt durch die enthaltenen Eibisch- und S\u00fc\u00dfholzwurzelextrakte sowie der Besonderheit des Rosen\u00f6ls. Die Eibischwurzel hat sich in \u00d6sterreich als eines der besten Hausmittel bei Husten und Erk\u00e4ltung etabliert, da sie besonders sanft wirkt. Dies macht auch unseren Eibischteig zu einem der sanftesten Hustenzuckerl, welcher aufgrund der gro\u00dfen Beliebtheit [&hellip;]<\/p>\n","protected":false},"featured_media":74557,"template":"","meta":{"_acf_changed":false},"product_brand":[],"product_cat":[794],"product_tag":[],"class_list":{"0":"post-74555","1":"product","2":"type-product","3":"status-publish","4":"has-post-thumbnail","6":"product_cat-e","7":"pa_packungsgroesse-1kg","9":"first","10":"instock","11":"shipping-taxable","12":"purchasable","13":"product-type-simple"},"acf":[],"_links":{"self":[{"href":"https:\/\/www.ernstbrunn-apotheke.at\/katalog\/wp-json\/wp\/v2\/product\/74555","targetHints":{"allow":["GET"]}}],"collection":[{"href":"https:\/\/www.ernstbrunn-apotheke.at\/katalog\/wp-json\/wp\/v2\/product"}],"about":[{"href":"https:\/\/www.ernstbrunn-apotheke.at\/katalog\/wp-json\/wp\/v2\/types\/product"}],"wp:featuredmedia":[{"embeddable":true,"href":"https:\/\/www.ernstbrunn-apotheke.at\/katalog\/wp-json\/wp\/v2\/media\/74557"}],"wp:attachment":[{"href":"https:\/\/www.ernstbrunn-apotheke.at\/katalog\/wp-json\/wp\/v2\/media?parent=74555"}],"wp:term":[{"taxonomy":"product_brand","embeddable":true,"href":"https:\/\/www.ernstbrunn-apotheke.at\/katalog\/wp-json\/wp\/v2\/product_brand?post=74555"},{"taxonomy":"product_cat","embeddable":true,"href":"https:\/\/www.ernstbrunn-apotheke.at\/katalog\/wp-json\/wp\/v2\/product_cat?post=74555"},{"taxonomy":"product_tag","embeddable":true,"href":"https:\/\/www.ernstbrunn-apotheke.at\/katalog\/wp-json\/wp\/v2\/product_tag?post=74555"}],"curies":[{"name":"wp","href":"https:\/\/api.w.org\/{rel}","templated":true}]}}