{"id":7454,"date":"2025-11-07T13:13:29","date_gmt":"2025-11-07T12:13:29","guid":{"rendered":"https:\/\/www.ernstbrunn-apotheke.at\/katalog\/produkt\/gall-pharma-hydroxytryptophan-50mg-kapseln\/"},"modified":"2025-12-08T13:23:30","modified_gmt":"2025-12-08T12:23:30","slug":"gall-pharma-hydroxytryptophan-50mg-kapseln","status":"publish","type":"product","link":"https:\/\/www.ernstbrunn-apotheke.at\/katalog\/produkt\/gall-pharma-hydroxytryptophan-50mg-kapseln\/","title":{"rendered":"Gall Pharma Hydroxytryptophan 50mg Kapseln"},"content":{"rendered":"<p><strong>Hydroxytryptophan\u00a050 mg GPH Kapseln<\/strong><\/p>\n<p>Griffonia simplicifolia ist die wissenschaftliche Bezeichnung der afrikanischen Schwarzbohne. Als pflanzliches Pr\u00e4parat hat Griffonia in der afrikanischen Kultur eine lange Tradition. Die Samen dieser Pflanze steigern die Konzentration, f\u00f6rdern die psychische Belastbarkeit und hellen die Stimmung auf. Daf\u00fcr verantwortlich ist der von Natur aus hohe Anteil an 5-Hydroxytryptophan (5-HTP) in den Samen dieser afrikanischen Pflanze. 5-HTP spielt eine wesentliche Rolle bei der Produktion des \u201eGl\u00fcckshormons\u201c Serotonin. Aus Serotonin wird wiederum das Schlafhormon Melatonin gebildet. Dies erkl\u00e4rt die schlaff\u00f6rdernden und beruhigenden Eigenschaften dieser besonderen Bohne. Hydroxytryptophan 50 mg GPH Kapseln enthalten zus\u00e4tzlich Magnesium, welches zu einer normalen psychischen Funktion, einer normalen Funktion des Nervensystems, einem normalen Energiestoffwechsel, zur Verringerung von M\u00fcdigkeit und Erm\u00fcdung und zu einer normalen Proteinsynthese beitr\u00e4gt. Das enthaltene 5-HTP ist Peak X frei und entspricht h\u00f6chsten Qualit\u00e4tsanforderungen.<\/p>\n<p>\u00a0<\/p>\n<p><strong>Anwendungsgebiete:<\/strong><\/p>\n<ul>\n<li>F\u00fcr Nerven und Psyche<\/li>\n<li>F\u00fcr einen erholsamen Schlaf<\/li>\n<li>Zur Appetitkontrolle<\/li>\n<\/ul>\n","protected":false},"excerpt":{"rendered":"<p>Hydroxytryptophan\u00a050 mg GPH Kapseln Griffonia simplicifolia ist die wissenschaftliche Bezeichnung der afrikanischen Schwarzbohne. Als pflanzliches Pr\u00e4parat hat Griffonia in der afrikanischen Kultur eine lange Tradition. Die Samen dieser Pflanze steigern die Konzentration, f\u00f6rdern die psychische Belastbarkeit und hellen die Stimmung auf. Daf\u00fcr verantwortlich ist der von Natur aus hohe Anteil an 5-Hydroxytryptophan (5-HTP) in den [&hellip;]<\/p>\n","protected":false},"featured_media":7132,"template":"","meta":{"_acf_changed":false},"product_brand":[371],"product_cat":[810],"product_tag":[],"class_list":{"0":"post-7454","1":"product","2":"type-product","3":"status-publish","4":"has-post-thumbnail","6":"product_brand-gall-pharma","7":"product_cat-g","8":"pa_packungsgroesse-60-stueck","10":"first","11":"instock","12":"shipping-taxable","13":"purchasable","14":"product-type-simple"},"acf":[],"_links":{"self":[{"href":"https:\/\/www.ernstbrunn-apotheke.at\/katalog\/wp-json\/wp\/v2\/product\/7454","targetHints":{"allow":["GET"]}}],"collection":[{"href":"https:\/\/www.ernstbrunn-apotheke.at\/katalog\/wp-json\/wp\/v2\/product"}],"about":[{"href":"https:\/\/www.ernstbrunn-apotheke.at\/katalog\/wp-json\/wp\/v2\/types\/product"}],"wp:featuredmedia":[{"embeddable":true,"href":"https:\/\/www.ernstbrunn-apotheke.at\/katalog\/wp-json\/wp\/v2\/media\/7132"}],"wp:attachment":[{"href":"https:\/\/www.ernstbrunn-apotheke.at\/katalog\/wp-json\/wp\/v2\/media?parent=7454"}],"wp:term":[{"taxonomy":"product_brand","embeddable":true,"href":"https:\/\/www.ernstbrunn-apotheke.at\/katalog\/wp-json\/wp\/v2\/product_brand?post=7454"},{"taxonomy":"product_cat","embeddable":true,"href":"https:\/\/www.ernstbrunn-apotheke.at\/katalog\/wp-json\/wp\/v2\/product_cat?post=7454"},{"taxonomy":"product_tag","embeddable":true,"href":"https:\/\/www.ernstbrunn-apotheke.at\/katalog\/wp-json\/wp\/v2\/product_tag?post=7454"}],"curies":[{"name":"wp","href":"https:\/\/api.w.org\/{rel}","templated":true}]}}