{"id":7448,"date":"2025-11-07T13:13:29","date_gmt":"2025-11-07T12:13:29","guid":{"rendered":"https:\/\/www.ernstbrunn-apotheke.at\/katalog\/produkt\/d-stress-energie-tabs-synergia-bei-muedigkeit-stress\/"},"modified":"2025-12-08T13:23:26","modified_gmt":"2025-12-08T12:23:26","slug":"d-stress-energie-tabs-synergia-bei-muedigkeit-stress","status":"publish","type":"product","link":"https:\/\/www.ernstbrunn-apotheke.at\/katalog\/produkt\/d-stress-energie-tabs-synergia-bei-muedigkeit-stress\/","title":{"rendered":"D &#8211; STRESS ENERGIE TABS Synergia bei M\u00fcdigkeit &#038; Stress"},"content":{"rendered":"<p>D-Stress Energy Tabs Aktion vereinen die Vorteile der Synergie zwischen Magnesium, Taurin, Arginin und Vitamin B. Die Tabs helfen erfolgreich bei Stress, Neigung zu Kr\u00e4mpfen, Erm\u00fcdung sowie \u00dcberarbeitung. Zudem wird das Produkt auch bei \u00c4ngstlichkeit, \u00dcberempfindlichkeit, Schlafst\u00f6rungen, Kr\u00e4mpfen, Zittern und zur Raucherentw\u00f6hnung eingesetzt.<\/p>\n","protected":false},"excerpt":{"rendered":"<p>D-Stress Energy Tabs Aktion vereinen die Vorteile der Synergie zwischen Magnesium, Taurin, Arginin und Vitamin B. Die Tabs helfen erfolgreich bei Stress, Neigung zu Kr\u00e4mpfen, Erm\u00fcdung sowie \u00dcberarbeitung. Zudem wird das Produkt auch bei \u00c4ngstlichkeit, \u00dcberempfindlichkeit, Schlafst\u00f6rungen, Kr\u00e4mpfen, Zittern und zur Raucherentw\u00f6hnung eingesetzt.<\/p>\n","protected":false},"featured_media":7104,"template":"","meta":{"_acf_changed":false},"product_brand":[],"product_cat":[792],"product_tag":[],"class_list":{"0":"post-7448","1":"product","2":"type-product","3":"status-publish","4":"has-post-thumbnail","6":"product_cat-d","7":"pa_packungsgroesse-80-stueck","9":"first","10":"instock","11":"shipping-taxable","12":"purchasable","13":"product-type-simple"},"acf":[],"_links":{"self":[{"href":"https:\/\/www.ernstbrunn-apotheke.at\/katalog\/wp-json\/wp\/v2\/product\/7448","targetHints":{"allow":["GET"]}}],"collection":[{"href":"https:\/\/www.ernstbrunn-apotheke.at\/katalog\/wp-json\/wp\/v2\/product"}],"about":[{"href":"https:\/\/www.ernstbrunn-apotheke.at\/katalog\/wp-json\/wp\/v2\/types\/product"}],"wp:featuredmedia":[{"embeddable":true,"href":"https:\/\/www.ernstbrunn-apotheke.at\/katalog\/wp-json\/wp\/v2\/media\/7104"}],"wp:attachment":[{"href":"https:\/\/www.ernstbrunn-apotheke.at\/katalog\/wp-json\/wp\/v2\/media?parent=7448"}],"wp:term":[{"taxonomy":"product_brand","embeddable":true,"href":"https:\/\/www.ernstbrunn-apotheke.at\/katalog\/wp-json\/wp\/v2\/product_brand?post=7448"},{"taxonomy":"product_cat","embeddable":true,"href":"https:\/\/www.ernstbrunn-apotheke.at\/katalog\/wp-json\/wp\/v2\/product_cat?post=7448"},{"taxonomy":"product_tag","embeddable":true,"href":"https:\/\/www.ernstbrunn-apotheke.at\/katalog\/wp-json\/wp\/v2\/product_tag?post=7448"}],"curies":[{"name":"wp","href":"https:\/\/api.w.org\/{rel}","templated":true}]}}