{"id":7446,"date":"2025-11-07T13:13:29","date_gmt":"2025-11-07T12:13:29","guid":{"rendered":"https:\/\/www.ernstbrunn-apotheke.at\/katalog\/produkt\/gaba-gamma-aminobuttersaeure-kapseln-gegen-angstzustaende\/"},"modified":"2025-12-08T13:23:26","modified_gmt":"2025-12-08T12:23:26","slug":"gaba-gamma-aminobuttersaeure-kapseln-gegen-angstzustaende","status":"publish","type":"product","link":"https:\/\/www.ernstbrunn-apotheke.at\/katalog\/produkt\/gaba-gamma-aminobuttersaeure-kapseln-gegen-angstzustaende\/","title":{"rendered":"GABA Gamma &#8211; Aminobutters\u00e4ure Kapseln gegen Angstzust\u00e4nde"},"content":{"rendered":"<p>The Nutri Store GABA Gamma Amino Butters\u00e4ure Kapseln &#8211; GABA steht f\u00fcr Gamma Amino Butters\u00e4ure (engl. Gamma Amino Butyric Acid), eine nicht essentielle Aminos\u00e4ure, die der K\u00f6rper aus L-Glutamin herstellt. Jede vegetarische GABA Kapsel enth\u00e4lt 500 mg hochwertige reine Gamma Amino Butters\u00e4ure.<\/p>\n","protected":false},"excerpt":{"rendered":"<p>The Nutri Store GABA Gamma Amino Butters\u00e4ure Kapseln &#8211; GABA steht f\u00fcr Gamma Amino Butters\u00e4ure (engl. Gamma Amino Butyric Acid), eine nicht essentielle Aminos\u00e4ure, die der K\u00f6rper aus L-Glutamin herstellt. Jede vegetarische GABA Kapsel enth\u00e4lt 500 mg hochwertige reine Gamma Amino Butters\u00e4ure.<\/p>\n","protected":false},"featured_media":7094,"template":"","meta":{"_acf_changed":false},"product_brand":[],"product_cat":[810],"product_tag":[],"class_list":{"0":"post-7446","1":"product","2":"type-product","3":"status-publish","4":"has-post-thumbnail","6":"product_cat-g","7":"pa_packungsgroesse-200-stueck","9":"first","10":"instock","11":"shipping-taxable","12":"purchasable","13":"product-type-simple"},"acf":[],"_links":{"self":[{"href":"https:\/\/www.ernstbrunn-apotheke.at\/katalog\/wp-json\/wp\/v2\/product\/7446","targetHints":{"allow":["GET"]}}],"collection":[{"href":"https:\/\/www.ernstbrunn-apotheke.at\/katalog\/wp-json\/wp\/v2\/product"}],"about":[{"href":"https:\/\/www.ernstbrunn-apotheke.at\/katalog\/wp-json\/wp\/v2\/types\/product"}],"wp:featuredmedia":[{"embeddable":true,"href":"https:\/\/www.ernstbrunn-apotheke.at\/katalog\/wp-json\/wp\/v2\/media\/7094"}],"wp:attachment":[{"href":"https:\/\/www.ernstbrunn-apotheke.at\/katalog\/wp-json\/wp\/v2\/media?parent=7446"}],"wp:term":[{"taxonomy":"product_brand","embeddable":true,"href":"https:\/\/www.ernstbrunn-apotheke.at\/katalog\/wp-json\/wp\/v2\/product_brand?post=7446"},{"taxonomy":"product_cat","embeddable":true,"href":"https:\/\/www.ernstbrunn-apotheke.at\/katalog\/wp-json\/wp\/v2\/product_cat?post=7446"},{"taxonomy":"product_tag","embeddable":true,"href":"https:\/\/www.ernstbrunn-apotheke.at\/katalog\/wp-json\/wp\/v2\/product_tag?post=7446"}],"curies":[{"name":"wp","href":"https:\/\/api.w.org\/{rel}","templated":true}]}}