{"id":74414,"date":"2025-11-11T20:52:27","date_gmt":"2025-11-11T19:52:27","guid":{"rendered":"https:\/\/www.ernstbrunn-apotheke.at\/katalog\/produkt\/adler-bachblueten-olive-tropfen-10-ml\/"},"modified":"2025-12-08T18:35:22","modified_gmt":"2025-12-08T17:35:22","slug":"adler-bachblueten-olive-tropfen-10-ml","status":"publish","type":"product","link":"https:\/\/www.ernstbrunn-apotheke.at\/katalog\/produkt\/adler-bachblueten-olive-tropfen-10-ml\/","title":{"rendered":"Adler Bachbl\u00fcten Olive Tropfen 10 ml"},"content":{"rendered":"<p>Adler Bachbl\u00fcten Olive Tropfen 10 ml sind Teil der &#8222;Sieben Helfer&#8220; und k\u00f6nnen bei andauernder, schlechter Verfassung unterst\u00fctzen. Olive Tropfen eignen sich besonders f\u00fcr Menschen, die k\u00f6rperlich und seelisch sehr ersch\u00f6pft sind und k\u00f6nnen bei k\u00f6rperlichen und\/oder seelischen Ersch\u00f6pfungszust\u00e4nden, meist nach gr\u00f6\u00dferen Anstrengungen oder schweren Krankheiten, unterst\u00fctzend wirken.<\/p>\n","protected":false},"excerpt":{"rendered":"<p>Adler Bachbl\u00fcten Olive Tropfen 10 ml sind Teil der &#8222;Sieben Helfer&#8220; und k\u00f6nnen bei andauernder, schlechter Verfassung unterst\u00fctzen. Olive Tropfen eignen sich besonders f\u00fcr Menschen, die k\u00f6rperlich und seelisch sehr ersch\u00f6pft sind und k\u00f6nnen bei k\u00f6rperlichen und\/oder seelischen Ersch\u00f6pfungszust\u00e4nden, meist nach gr\u00f6\u00dferen Anstrengungen oder schweren Krankheiten, unterst\u00fctzend wirken.<\/p>\n","protected":false},"featured_media":74416,"template":"","meta":{"_acf_changed":false},"product_brand":[928],"product_cat":[801],"product_tag":[],"class_list":{"0":"post-74414","1":"product","2":"type-product","3":"status-publish","4":"has-post-thumbnail","6":"product_brand-adler-pharma","7":"product_cat-a","8":"pa_packungsgroesse-10ml","10":"first","11":"instock","12":"shipping-taxable","13":"purchasable","14":"product-type-simple"},"acf":[],"_links":{"self":[{"href":"https:\/\/www.ernstbrunn-apotheke.at\/katalog\/wp-json\/wp\/v2\/product\/74414","targetHints":{"allow":["GET"]}}],"collection":[{"href":"https:\/\/www.ernstbrunn-apotheke.at\/katalog\/wp-json\/wp\/v2\/product"}],"about":[{"href":"https:\/\/www.ernstbrunn-apotheke.at\/katalog\/wp-json\/wp\/v2\/types\/product"}],"wp:featuredmedia":[{"embeddable":true,"href":"https:\/\/www.ernstbrunn-apotheke.at\/katalog\/wp-json\/wp\/v2\/media\/74416"}],"wp:attachment":[{"href":"https:\/\/www.ernstbrunn-apotheke.at\/katalog\/wp-json\/wp\/v2\/media?parent=74414"}],"wp:term":[{"taxonomy":"product_brand","embeddable":true,"href":"https:\/\/www.ernstbrunn-apotheke.at\/katalog\/wp-json\/wp\/v2\/product_brand?post=74414"},{"taxonomy":"product_cat","embeddable":true,"href":"https:\/\/www.ernstbrunn-apotheke.at\/katalog\/wp-json\/wp\/v2\/product_cat?post=74414"},{"taxonomy":"product_tag","embeddable":true,"href":"https:\/\/www.ernstbrunn-apotheke.at\/katalog\/wp-json\/wp\/v2\/product_tag?post=74414"}],"curies":[{"name":"wp","href":"https:\/\/api.w.org\/{rel}","templated":true}]}}