{"id":7441,"date":"2025-11-07T13:13:29","date_gmt":"2025-11-07T12:13:29","guid":{"rendered":"https:\/\/www.ernstbrunn-apotheke.at\/katalog\/produkt\/zeinpharma-l-tryptophan-500mg-kapseln-essentielle-aminosaeure\/"},"modified":"2025-12-08T13:23:22","modified_gmt":"2025-12-08T12:23:22","slug":"zeinpharma-l-tryptophan-500mg-kapseln-essentielle-aminosaeure","status":"publish","type":"product","link":"https:\/\/www.ernstbrunn-apotheke.at\/katalog\/produkt\/zeinpharma-l-tryptophan-500mg-kapseln-essentielle-aminosaeure\/","title":{"rendered":"ZeinPharma L &#8211; TRYPTOPHAN 500mg Kapseln essentielle Aminos\u00e4ure"},"content":{"rendered":"<p>ZeinPharma L-Tryptophan 500 mg Kapseln hilft zum Di\u00e4tmanagement bei Schlafst\u00f6rungen. Au\u00dferdem versorgen Sie Ihren K\u00f6rper mit einer lebensnotwendigen Aminos\u00e4ure. Denn Sie k\u00f6nnen L-Tryptophan nicht selbst bilden. Im Gegenteil: L-Tryptophan ist eine essentielle Aminos\u00e4ure, die dem K\u00f6rper von au\u00dfen zugef\u00fchrt werden muss.<\/p>\n","protected":false},"excerpt":{"rendered":"<p>ZeinPharma L-Tryptophan 500 mg Kapseln hilft zum Di\u00e4tmanagement bei Schlafst\u00f6rungen. Au\u00dferdem versorgen Sie Ihren K\u00f6rper mit einer lebensnotwendigen Aminos\u00e4ure. Denn Sie k\u00f6nnen L-Tryptophan nicht selbst bilden. Im Gegenteil: L-Tryptophan ist eine essentielle Aminos\u00e4ure, die dem K\u00f6rper von au\u00dfen zugef\u00fchrt werden muss.<\/p>\n","protected":false},"featured_media":7075,"template":"","meta":{"_acf_changed":false},"product_brand":[],"product_cat":[803],"product_tag":[],"class_list":{"0":"post-7441","1":"product","2":"type-product","3":"status-publish","4":"has-post-thumbnail","6":"product_cat-z","7":"pa_packungsgroesse-45-stueck","8":"pa_packungsgroesse-90-stueck","10":"first","11":"instock","12":"shipping-taxable","13":"purchasable","14":"product-type-simple"},"acf":[],"_links":{"self":[{"href":"https:\/\/www.ernstbrunn-apotheke.at\/katalog\/wp-json\/wp\/v2\/product\/7441","targetHints":{"allow":["GET"]}}],"collection":[{"href":"https:\/\/www.ernstbrunn-apotheke.at\/katalog\/wp-json\/wp\/v2\/product"}],"about":[{"href":"https:\/\/www.ernstbrunn-apotheke.at\/katalog\/wp-json\/wp\/v2\/types\/product"}],"wp:featuredmedia":[{"embeddable":true,"href":"https:\/\/www.ernstbrunn-apotheke.at\/katalog\/wp-json\/wp\/v2\/media\/7075"}],"wp:attachment":[{"href":"https:\/\/www.ernstbrunn-apotheke.at\/katalog\/wp-json\/wp\/v2\/media?parent=7441"}],"wp:term":[{"taxonomy":"product_brand","embeddable":true,"href":"https:\/\/www.ernstbrunn-apotheke.at\/katalog\/wp-json\/wp\/v2\/product_brand?post=7441"},{"taxonomy":"product_cat","embeddable":true,"href":"https:\/\/www.ernstbrunn-apotheke.at\/katalog\/wp-json\/wp\/v2\/product_cat?post=7441"},{"taxonomy":"product_tag","embeddable":true,"href":"https:\/\/www.ernstbrunn-apotheke.at\/katalog\/wp-json\/wp\/v2\/product_tag?post=7441"}],"curies":[{"name":"wp","href":"https:\/\/api.w.org\/{rel}","templated":true}]}}