{"id":7435,"date":"2025-11-07T13:13:29","date_gmt":"2025-11-07T12:13:29","guid":{"rendered":"https:\/\/www.ernstbrunn-apotheke.at\/katalog\/produkt\/dr-pirchers-entspannungs-kaugummi-wirkt-positiv-auf-das-nervensystem\/"},"modified":"2025-12-08T13:23:21","modified_gmt":"2025-12-08T12:23:21","slug":"dr-pirchers-entspannungs-kaugummi-wirkt-positiv-auf-das-nervensystem","status":"publish","type":"product","link":"https:\/\/www.ernstbrunn-apotheke.at\/katalog\/produkt\/dr-pirchers-entspannungs-kaugummi-wirkt-positiv-auf-das-nervensystem\/","title":{"rendered":"Dr. Pirchers ENTSPANNUNGS &#8211; KAUGUMMI wirkt positiv auf das Nervensystem"},"content":{"rendered":"<p>Dr. Pirchers Anti-Stress Kaugummi wirkt positiv auf das Nervensystem und die geistige Leistungsf\u00e4higkeit. Zust\u00e4ndig daf\u00fcr ist vor allem die Aminos\u00e4ure Tryptophan (kommt auch in Bananen oder Kakao vor) welche den Serotoninspiegel aufbaut und somit unsere Gl\u00fcckshormone aktiviert. Die Kombination von Tryptophan mit Vitamin B5 u. B6 st\u00e4rkt das Nervensystem, unterst\u00fctzt die Konzentrationsf\u00e4higkeit und baut gleichzeitig Fett, Kohlenhydrate und Gifte im K\u00f6rper ab. OHNE Zucker OHNE Aspartam \/ vegan \/ laktosefrei \/ glutenfrei &#8211; dauerhaft mit hohem Rabatt bestellen!<\/p>\n","protected":false},"excerpt":{"rendered":"<p>Dr. Pirchers Anti-Stress Kaugummi wirkt positiv auf das Nervensystem und die geistige Leistungsf\u00e4higkeit. Zust\u00e4ndig daf\u00fcr ist vor allem die Aminos\u00e4ure Tryptophan (kommt auch in Bananen oder Kakao vor) welche den Serotoninspiegel aufbaut und somit unsere Gl\u00fcckshormone aktiviert. Die Kombination von Tryptophan mit Vitamin B5 u. B6 st\u00e4rkt das Nervensystem, unterst\u00fctzt die Konzentrationsf\u00e4higkeit und baut gleichzeitig [&hellip;]<\/p>\n","protected":false},"featured_media":0,"template":"","meta":{"_acf_changed":false},"product_brand":[],"product_cat":[792],"product_tag":[],"class_list":{"0":"post-7435","1":"product","2":"type-product","3":"status-publish","5":"product_cat-d","6":"pa_packungsgroesse-12-stueck","8":"first","9":"instock","10":"shipping-taxable","11":"purchasable","12":"product-type-simple"},"acf":[],"_links":{"self":[{"href":"https:\/\/www.ernstbrunn-apotheke.at\/katalog\/wp-json\/wp\/v2\/product\/7435","targetHints":{"allow":["GET"]}}],"collection":[{"href":"https:\/\/www.ernstbrunn-apotheke.at\/katalog\/wp-json\/wp\/v2\/product"}],"about":[{"href":"https:\/\/www.ernstbrunn-apotheke.at\/katalog\/wp-json\/wp\/v2\/types\/product"}],"wp:attachment":[{"href":"https:\/\/www.ernstbrunn-apotheke.at\/katalog\/wp-json\/wp\/v2\/media?parent=7435"}],"wp:term":[{"taxonomy":"product_brand","embeddable":true,"href":"https:\/\/www.ernstbrunn-apotheke.at\/katalog\/wp-json\/wp\/v2\/product_brand?post=7435"},{"taxonomy":"product_cat","embeddable":true,"href":"https:\/\/www.ernstbrunn-apotheke.at\/katalog\/wp-json\/wp\/v2\/product_cat?post=7435"},{"taxonomy":"product_tag","embeddable":true,"href":"https:\/\/www.ernstbrunn-apotheke.at\/katalog\/wp-json\/wp\/v2\/product_tag?post=7435"}],"curies":[{"name":"wp","href":"https:\/\/api.w.org\/{rel}","templated":true}]}}