{"id":74330,"date":"2025-11-11T20:50:46","date_gmt":"2025-11-11T19:50:46","guid":{"rendered":"https:\/\/www.ernstbrunn-apotheke.at\/katalog\/produkt\/sebamed-unreine-haut-reinigungsschaum-150-ml\/"},"modified":"2025-12-08T18:34:41","modified_gmt":"2025-12-08T17:34:41","slug":"sebamed-unreine-haut-reinigungsschaum-150-ml","status":"publish","type":"product","link":"https:\/\/www.ernstbrunn-apotheke.at\/katalog\/produkt\/sebamed-unreine-haut-reinigungsschaum-150-ml\/","title":{"rendered":"Sebamed Unreine Haut Reinigungsschaum 150 ml"},"content":{"rendered":"<p>sebamed UNREINE HAUT Reinigungsschaum reinigt die Haut porentief und schonend zugleich. Der milde Schaum mit dem pH-Wert 5,5 entfernt sanft und gr\u00fcndlich \u00fcbersch\u00fcssiges Fett, Schmutz und lose Hautzellen. Der Pflegekomplex mit Panthenol f\u00f6rdert die  Regeneration  gereizter oder entz\u00fcndeter Haut. Die Haut wirkt glatter und geschmeidiger. Die Wirksamkeit gegen Pickel und die sehr gute Hautvertr\u00e4glichkeit sind dermatologisch-klinisch best\u00e4tigt.<\/p>\n","protected":false},"excerpt":{"rendered":"<p>sebamed UNREINE HAUT Reinigungsschaum reinigt die Haut porentief und schonend zugleich. Der milde Schaum mit dem pH-Wert 5,5 entfernt sanft und gr\u00fcndlich \u00fcbersch\u00fcssiges Fett, Schmutz und lose Hautzellen. Der Pflegekomplex mit Panthenol f\u00f6rdert die Regeneration gereizter oder entz\u00fcndeter Haut. Die Haut wirkt glatter und geschmeidiger. Die Wirksamkeit gegen Pickel und die sehr gute Hautvertr\u00e4glichkeit sind [&hellip;]<\/p>\n","protected":false},"featured_media":74332,"template":"","meta":{"_acf_changed":false},"product_brand":[737],"product_cat":[791],"product_tag":[],"class_list":{"0":"post-74330","1":"product","2":"type-product","3":"status-publish","4":"has-post-thumbnail","6":"product_brand-sebamed","7":"product_cat-s","8":"pa_packungsgroesse-150ml","10":"first","11":"instock","12":"shipping-taxable","13":"purchasable","14":"product-type-simple"},"acf":[],"_links":{"self":[{"href":"https:\/\/www.ernstbrunn-apotheke.at\/katalog\/wp-json\/wp\/v2\/product\/74330","targetHints":{"allow":["GET"]}}],"collection":[{"href":"https:\/\/www.ernstbrunn-apotheke.at\/katalog\/wp-json\/wp\/v2\/product"}],"about":[{"href":"https:\/\/www.ernstbrunn-apotheke.at\/katalog\/wp-json\/wp\/v2\/types\/product"}],"wp:featuredmedia":[{"embeddable":true,"href":"https:\/\/www.ernstbrunn-apotheke.at\/katalog\/wp-json\/wp\/v2\/media\/74332"}],"wp:attachment":[{"href":"https:\/\/www.ernstbrunn-apotheke.at\/katalog\/wp-json\/wp\/v2\/media?parent=74330"}],"wp:term":[{"taxonomy":"product_brand","embeddable":true,"href":"https:\/\/www.ernstbrunn-apotheke.at\/katalog\/wp-json\/wp\/v2\/product_brand?post=74330"},{"taxonomy":"product_cat","embeddable":true,"href":"https:\/\/www.ernstbrunn-apotheke.at\/katalog\/wp-json\/wp\/v2\/product_cat?post=74330"},{"taxonomy":"product_tag","embeddable":true,"href":"https:\/\/www.ernstbrunn-apotheke.at\/katalog\/wp-json\/wp\/v2\/product_tag?post=74330"}],"curies":[{"name":"wp","href":"https:\/\/api.w.org\/{rel}","templated":true}]}}