{"id":74325,"date":"2025-11-11T20:50:46","date_gmt":"2025-11-11T19:50:46","guid":{"rendered":"https:\/\/www.ernstbrunn-apotheke.at\/katalog\/produkt\/gehwol-med-express-pflege-schaum-125-ml\/"},"modified":"2025-12-08T18:34:39","modified_gmt":"2025-12-08T17:34:39","slug":"gehwol-med-express-pflege-schaum-125-ml","status":"publish","type":"product","link":"https:\/\/www.ernstbrunn-apotheke.at\/katalog\/produkt\/gehwol-med-express-pflege-schaum-125-ml\/","title":{"rendered":"Gehwol Med. Express Pflege-Schaum 125 ml"},"content":{"rendered":"<p>GEHWOL\u00ae med. Express Pflege-Schaum ist eine Basispflege f\u00fcr die t\u00e4gliche Anwendung bei normaler bis trockener Fu\u00dfhaut. Ihr 4-fach-Hydrokomplex aus Nachtkerzen\u00f6l, Moorpflanzenextrakt, Urea sowie Avocado\u00f6l versorgt die Haut sofort mit Feuchtigkeit. Der expressartige Hydro-Boost sorgt zudem schnell f\u00fcr ein angenehmes Hautgef\u00fchl. Geschmeidige Haut, sp\u00fcrbar gepflegte F\u00fc\u00dfe sind das Ergebnis der Schaumpflege, die sich besonders leicht anwenden l\u00e4sst, schnell einzieht und dabei nicht fettet. Der Pflege-Schaum ist dermatologisch gepr\u00fcft, f\u00fcr Diabetiker geeignet, unparf\u00fcmiert sowie frei von Parabenen, Silikon\u00f6len und PEG-Emulgatoren.<\/p>\n","protected":false},"excerpt":{"rendered":"<p>GEHWOL\u00ae med. Express Pflege-Schaum ist eine Basispflege f\u00fcr die t\u00e4gliche Anwendung bei normaler bis trockener Fu\u00dfhaut. Ihr 4-fach-Hydrokomplex aus Nachtkerzen\u00f6l, Moorpflanzenextrakt, Urea sowie Avocado\u00f6l versorgt die Haut sofort mit Feuchtigkeit. Der expressartige Hydro-Boost sorgt zudem schnell f\u00fcr ein angenehmes Hautgef\u00fchl. Geschmeidige Haut, sp\u00fcrbar gepflegte F\u00fc\u00dfe sind das Ergebnis der Schaumpflege, die sich besonders leicht anwenden [&hellip;]<\/p>\n","protected":false},"featured_media":74327,"template":"","meta":{"_acf_changed":false},"product_brand":[320],"product_cat":[810],"product_tag":[],"class_list":{"0":"post-74325","1":"product","2":"type-product","3":"status-publish","4":"has-post-thumbnail","6":"product_brand-gehwol","7":"product_cat-g","8":"pa_packungsgroesse-125ml","10":"first","11":"instock","12":"shipping-taxable","13":"purchasable","14":"product-type-simple"},"acf":[],"_links":{"self":[{"href":"https:\/\/www.ernstbrunn-apotheke.at\/katalog\/wp-json\/wp\/v2\/product\/74325","targetHints":{"allow":["GET"]}}],"collection":[{"href":"https:\/\/www.ernstbrunn-apotheke.at\/katalog\/wp-json\/wp\/v2\/product"}],"about":[{"href":"https:\/\/www.ernstbrunn-apotheke.at\/katalog\/wp-json\/wp\/v2\/types\/product"}],"wp:featuredmedia":[{"embeddable":true,"href":"https:\/\/www.ernstbrunn-apotheke.at\/katalog\/wp-json\/wp\/v2\/media\/74327"}],"wp:attachment":[{"href":"https:\/\/www.ernstbrunn-apotheke.at\/katalog\/wp-json\/wp\/v2\/media?parent=74325"}],"wp:term":[{"taxonomy":"product_brand","embeddable":true,"href":"https:\/\/www.ernstbrunn-apotheke.at\/katalog\/wp-json\/wp\/v2\/product_brand?post=74325"},{"taxonomy":"product_cat","embeddable":true,"href":"https:\/\/www.ernstbrunn-apotheke.at\/katalog\/wp-json\/wp\/v2\/product_cat?post=74325"},{"taxonomy":"product_tag","embeddable":true,"href":"https:\/\/www.ernstbrunn-apotheke.at\/katalog\/wp-json\/wp\/v2\/product_tag?post=74325"}],"curies":[{"name":"wp","href":"https:\/\/api.w.org\/{rel}","templated":true}]}}