{"id":7431,"date":"2025-11-07T13:13:29","date_gmt":"2025-11-07T12:13:29","guid":{"rendered":"https:\/\/www.ernstbrunn-apotheke.at\/katalog\/produkt\/pascoe-pasconal-nerventropfen\/"},"modified":"2025-12-08T13:23:19","modified_gmt":"2025-12-08T12:23:19","slug":"pascoe-pasconal-nerventropfen","status":"publish","type":"product","link":"https:\/\/www.ernstbrunn-apotheke.at\/katalog\/produkt\/pascoe-pasconal-nerventropfen\/","title":{"rendered":"Pascoe PASCONAL Nerventropfen"},"content":{"rendered":"<p>Pasconal\u00ae Nerventropfen sind ein hom\u00f6opathisches Arzneimittel bei nerv\u00f6sen Erkrankungen und Schlafst\u00f6rungen bei Nervosit\u00e4t. Sind Sie nerv\u00f6s und unruhig- Wie von der Tarantel gestochen- Dann k\u00f6nnen Pasconal\u00ae Nerventropfen helfen, nat\u00fcrlich zur Ruhe zu kommen..<\/p>\n","protected":false},"excerpt":{"rendered":"<p>Pasconal\u00ae Nerventropfen sind ein hom\u00f6opathisches Arzneimittel bei nerv\u00f6sen Erkrankungen und Schlafst\u00f6rungen bei Nervosit\u00e4t. Sind Sie nerv\u00f6s und unruhig- Wie von der Tarantel gestochen- Dann k\u00f6nnen Pasconal\u00ae Nerventropfen helfen, nat\u00fcrlich zur Ruhe zu kommen..<\/p>\n","protected":false},"featured_media":7041,"template":"","meta":{"_acf_changed":false},"product_brand":[],"product_cat":[793],"product_tag":[],"class_list":{"0":"post-7431","1":"product","2":"type-product","3":"status-publish","4":"has-post-thumbnail","6":"product_cat-p","7":"pa_packungsgroesse-50ml","9":"first","10":"instock","11":"shipping-taxable","12":"purchasable","13":"product-type-simple"},"acf":[],"_links":{"self":[{"href":"https:\/\/www.ernstbrunn-apotheke.at\/katalog\/wp-json\/wp\/v2\/product\/7431","targetHints":{"allow":["GET"]}}],"collection":[{"href":"https:\/\/www.ernstbrunn-apotheke.at\/katalog\/wp-json\/wp\/v2\/product"}],"about":[{"href":"https:\/\/www.ernstbrunn-apotheke.at\/katalog\/wp-json\/wp\/v2\/types\/product"}],"wp:featuredmedia":[{"embeddable":true,"href":"https:\/\/www.ernstbrunn-apotheke.at\/katalog\/wp-json\/wp\/v2\/media\/7041"}],"wp:attachment":[{"href":"https:\/\/www.ernstbrunn-apotheke.at\/katalog\/wp-json\/wp\/v2\/media?parent=7431"}],"wp:term":[{"taxonomy":"product_brand","embeddable":true,"href":"https:\/\/www.ernstbrunn-apotheke.at\/katalog\/wp-json\/wp\/v2\/product_brand?post=7431"},{"taxonomy":"product_cat","embeddable":true,"href":"https:\/\/www.ernstbrunn-apotheke.at\/katalog\/wp-json\/wp\/v2\/product_cat?post=7431"},{"taxonomy":"product_tag","embeddable":true,"href":"https:\/\/www.ernstbrunn-apotheke.at\/katalog\/wp-json\/wp\/v2\/product_tag?post=7431"}],"curies":[{"name":"wp","href":"https:\/\/api.w.org\/{rel}","templated":true}]}}